{"id":26129,"date":"2024-11-09T19:18:53","date_gmt":"2024-11-09T19:18:53","guid":{"rendered":"https:\/\/www.easyglue.de\/mamelon-de-colle-droit\/"},"modified":"2024-11-09T19:18:53","modified_gmt":"2024-11-09T19:18:53","slug":"mamelon-de-colle-droit","status":"publish","type":"product","link":"https:\/\/www.easyglue.de\/fr\/mamelon-de-colle-droit\/","title":{"rendered":"Mamelon de colle droit"},"content":{"rendered":"","protected":false},"excerpt":{"rendered":"<ul>\n<li>Mamelon de colle : 9\/16&Prime; -18 UNF 9\/16&Prime; -18 UNF<\/li>\n<li>Compatible avec Nordson\u00ae.<\/li>\n<li>Num\u00e9ros de r\u00e9f\u00e9rence : 972628 ; 26000029<\/li>\n<li>Type de colle : colle chaude<\/li>\n<\/ul>\n","protected":false},"featured_media":19616,"comment_status":"open","ping_status":"closed","template":"","meta":{"_acf_changed":false},"kompatibel-zu":[351],"leimtyp":[346],"product_brand":[],"product_cat":[373],"product_tag":[],"class_list":{"0":"post-26129","1":"product","2":"type-product","3":"status-publish","4":"has-post-thumbnail","6":"kompatibel-zu-pieces-de-rechange-compatibles-nordson","7":"leimtyp-colle-chaude","8":"product_cat-mamelon-de-raccordement-a-la-colle","10":"first","11":"instock","12":"taxable","13":"shipping-taxable","14":"product-type-simple"},"acf":[],"_links":{"self":[{"href":"https:\/\/www.easyglue.de\/fr\/wp-json\/wp\/v2\/product\/26129","targetHints":{"allow":["GET"]}}],"collection":[{"href":"https:\/\/www.easyglue.de\/fr\/wp-json\/wp\/v2\/product"}],"about":[{"href":"https:\/\/www.easyglue.de\/fr\/wp-json\/wp\/v2\/types\/product"}],"replies":[{"embeddable":true,"href":"https:\/\/www.easyglue.de\/fr\/wp-json\/wp\/v2\/comments?post=26129"}],"version-history":[{"count":0,"href":"https:\/\/www.easyglue.de\/fr\/wp-json\/wp\/v2\/product\/26129\/revisions"}],"wp:featuredmedia":[{"embeddable":true,"href":"https:\/\/www.easyglue.de\/fr\/wp-json\/wp\/v2\/media\/19616"}],"wp:attachment":[{"href":"https:\/\/www.easyglue.de\/fr\/wp-json\/wp\/v2\/media?parent=26129"}],"wp:term":[{"taxonomy":"kompatibel-zu","embeddable":true,"href":"https:\/\/www.easyglue.de\/fr\/wp-json\/wp\/v2\/kompatibel-zu?post=26129"},{"taxonomy":"leimtyp","embeddable":true,"href":"https:\/\/www.easyglue.de\/fr\/wp-json\/wp\/v2\/leimtyp?post=26129"},{"taxonomy":"product_brand","embeddable":true,"href":"https:\/\/www.easyglue.de\/fr\/wp-json\/wp\/v2\/product_brand?post=26129"},{"taxonomy":"product_cat","embeddable":true,"href":"https:\/\/www.easyglue.de\/fr\/wp-json\/wp\/v2\/product_cat?post=26129"},{"taxonomy":"product_tag","embeddable":true,"href":"https:\/\/www.easyglue.de\/fr\/wp-json\/wp\/v2\/product_tag?post=26129"}],"curies":[{"name":"wp","href":"https:\/\/api.w.org\/{rel}","templated":true}]}}