{"id":26217,"date":"2024-11-09T19:18:51","date_gmt":"2024-11-09T19:18:51","guid":{"rendered":"https:\/\/www.easyglue.de\/valve-de-collage-dlk40x\/"},"modified":"2025-12-15T16:07:56","modified_gmt":"2025-12-15T16:07:56","slug":"valve-de-collage-dlk40x","status":"publish","type":"product","link":"https:\/\/www.easyglue.de\/fr\/valve-de-collage-dlk40x\/","title":{"rendered":"Vanne \u00e0 colle froide DLK-400"},"content":{"rendered":"<p>La vanne de colle froide DLK-400 est la solution id\u00e9ale pour les applications de colle froide pr\u00e9cises et fiables. Elle est disponible avec un sol\u00e9no\u00efde de 24V ou de 6V. <\/p>\n<p>La valve de colle est disponible avec des diam\u00e8tres de buse de 0,3 mm, 0,4 mm, 0,6 mm et 0,8 mm, ce qui permet de l&rsquo;adapter de mani\u00e8re optimale aux diff\u00e9rentes exigences en mati\u00e8re de colle. Si le diam\u00e8tre de buse dont vous avez besoin n&rsquo;est pas mentionn\u00e9, n&rsquo;h\u00e9sitez pas \u00e0 nous le demander (shop@easyglue.de).<\/p>\n<p>L&rsquo;applicateur de colle robuste s&rsquo;int\u00e8gre facilement dans les syst\u00e8mes d&rsquo;application existants et est enti\u00e8rement compatible avec Baumer hhs\u00ae\/hhs\u00ae. Il peut \u00e9galement \u00eatre utilis\u00e9 comme alternative au DLK go.<\/p>\n<p>Vous trouverez la buse de remplacement correspondante sous le num\u00e9ro d&rsquo;article <span class=\"sku_wrapper\"><span class=\"sku\">EG10210006.<\/span><\/span><\/p>\n<p>De plus, des kits complets de vannes avec accessoires (c\u00e2ble de raccordement, d\u00e9tecteur photo\u00e9lectrique reflex, tuyau haute pression) sont disponibles :<\/p>\n<ul>\n<li>Valve de collage DLK-400 Set (EG113100127)<\/li>\n<li>Vanne de colle DLK-400 Set avec capteur (EG113100131)<\/li>\n<li>Valve de collage DLK-400 Set Davec support (EG113100132)<\/li>\n<li>Vanne de collage DLK-400 Kit avec support + capteur (EG113100138)<\/li>\n<\/ul>\n<p>&nbsp;<\/p>\n","protected":false},"excerpt":{"rendered":"<ul>\n<li>Valve \u00e9lectrique de colle froide pour l&rsquo;application de points et de traits<\/li>\n<li>Conception en acier inoxydable tr\u00e8s robuste<\/li>\n<li>Diam\u00e8tre de la buse : 0,3 mm - 0,8 mm<\/li>\n<li>Bobine magn\u00e9tique 24V ou 6V<\/li>\n<li>Compatible avec Baumer hhs\u00ae\/hhs<\/li>\n<li>\n<div class=\"attributes-row\">\n<div class=\"attributes-label\">Num\u00e9ros de r\u00e9f\u00e9rence : 27430300 ; 27430400 ; 27430600 ; 27430800 ; 27440300 ; 27440400 ; 27440600 ; 27440800<\/div>\n<\/div>\n<\/li>\n<li>Autre r\u00e9f\u00e9rence : DLK-400, DLK-40X, DLK400, DLK go<\/li>\n<li>Disponible en tant que kit de vanne complet avec accessoires (c\u00e2ble de raccordement, d\u00e9tecteur photo\u00e9lectrique reflex, tuyau haute pression)<\/li>\n<\/ul>\n","protected":false},"featured_media":26233,"comment_status":"open","ping_status":"closed","template":"","meta":{"_acf_changed":false},"kompatibel-zu":[345],"leimtyp":[347],"product_brand":[],"product_cat":[378,382],"product_tag":[],"class_list":{"0":"post-26217","1":"product","2":"type-product","3":"status-publish","4":"has-post-thumbnail","6":"kompatibel-zu-pieces-de-rechange-compatibles-baumer-hhs-hhs","7":"leimtyp-colle-froide","8":"product_cat-vannes-de-colle","9":"product_cat-vannes-a-colle-froide","11":"first","12":"instock","13":"taxable","14":"shipping-taxable","15":"product-type-variable"},"acf":[],"_links":{"self":[{"href":"https:\/\/www.easyglue.de\/fr\/wp-json\/wp\/v2\/product\/26217","targetHints":{"allow":["GET"]}}],"collection":[{"href":"https:\/\/www.easyglue.de\/fr\/wp-json\/wp\/v2\/product"}],"about":[{"href":"https:\/\/www.easyglue.de\/fr\/wp-json\/wp\/v2\/types\/product"}],"replies":[{"embeddable":true,"href":"https:\/\/www.easyglue.de\/fr\/wp-json\/wp\/v2\/comments?post=26217"}],"version-history":[{"count":0,"href":"https:\/\/www.easyglue.de\/fr\/wp-json\/wp\/v2\/product\/26217\/revisions"}],"wp:featuredmedia":[{"embeddable":true,"href":"https:\/\/www.easyglue.de\/fr\/wp-json\/wp\/v2\/media\/26233"}],"wp:attachment":[{"href":"https:\/\/www.easyglue.de\/fr\/wp-json\/wp\/v2\/media?parent=26217"}],"wp:term":[{"taxonomy":"kompatibel-zu","embeddable":true,"href":"https:\/\/www.easyglue.de\/fr\/wp-json\/wp\/v2\/kompatibel-zu?post=26217"},{"taxonomy":"leimtyp","embeddable":true,"href":"https:\/\/www.easyglue.de\/fr\/wp-json\/wp\/v2\/leimtyp?post=26217"},{"taxonomy":"product_brand","embeddable":true,"href":"https:\/\/www.easyglue.de\/fr\/wp-json\/wp\/v2\/product_brand?post=26217"},{"taxonomy":"product_cat","embeddable":true,"href":"https:\/\/www.easyglue.de\/fr\/wp-json\/wp\/v2\/product_cat?post=26217"},{"taxonomy":"product_tag","embeddable":true,"href":"https:\/\/www.easyglue.de\/fr\/wp-json\/wp\/v2\/product_tag?post=26217"}],"curies":[{"name":"wp","href":"https:\/\/api.w.org\/{rel}","templated":true}]}}