{"id":26244,"date":"2024-11-09T19:18:51","date_gmt":"2024-11-09T19:18:51","guid":{"rendered":"https:\/\/www.easyglue.de\/filtre-haute-pression\/"},"modified":"2024-11-09T19:18:51","modified_gmt":"2024-11-09T19:18:51","slug":"filtre-haute-pression","status":"publish","type":"product","link":"https:\/\/www.easyglue.de\/fr\/filtre-haute-pression\/","title":{"rendered":"Filtre haute pression"},"content":{"rendered":"","protected":false},"excerpt":{"rendered":"<div class=\"attributes-row\">\n<ul>\n<li class=\"attributes-label\">Compatible avec Baumerhhs\u00ae.<\/li>\n<li class=\"attributes-label\">Entr\u00e9e et sortie de colle 1\/2&Prime; avec filetage int\u00e9rieur<\/li>\n<li class=\"attributes-label\">cartouche de filtre incluse <\/li>\n<li class=\"attributes-label\">Num\u00e9ro de r\u00e9f\u00e9rence : 95518100<\/li>\n<li>Type de colle : colle froide<\/li>\n<\/ul>\n<\/div>\n","protected":false},"featured_media":17788,"comment_status":"open","ping_status":"closed","template":"","meta":{"_acf_changed":false},"kompatibel-zu":[345],"leimtyp":[347],"product_brand":[],"product_cat":[362],"product_tag":[],"class_list":{"0":"post-26244","1":"product","2":"type-product","3":"status-publish","4":"has-post-thumbnail","6":"kompatibel-zu-pieces-de-rechange-compatibles-baumer-hhs-hhs","7":"leimtyp-colle-froide","8":"product_cat-filtres-a-colle-chaude-et-filtres-a-colle-froide","10":"first","11":"instock","12":"taxable","13":"shipping-taxable","14":"product-type-simple"},"acf":[],"_links":{"self":[{"href":"https:\/\/www.easyglue.de\/fr\/wp-json\/wp\/v2\/product\/26244","targetHints":{"allow":["GET"]}}],"collection":[{"href":"https:\/\/www.easyglue.de\/fr\/wp-json\/wp\/v2\/product"}],"about":[{"href":"https:\/\/www.easyglue.de\/fr\/wp-json\/wp\/v2\/types\/product"}],"replies":[{"embeddable":true,"href":"https:\/\/www.easyglue.de\/fr\/wp-json\/wp\/v2\/comments?post=26244"}],"version-history":[{"count":0,"href":"https:\/\/www.easyglue.de\/fr\/wp-json\/wp\/v2\/product\/26244\/revisions"}],"wp:featuredmedia":[{"embeddable":true,"href":"https:\/\/www.easyglue.de\/fr\/wp-json\/wp\/v2\/media\/17788"}],"wp:attachment":[{"href":"https:\/\/www.easyglue.de\/fr\/wp-json\/wp\/v2\/media?parent=26244"}],"wp:term":[{"taxonomy":"kompatibel-zu","embeddable":true,"href":"https:\/\/www.easyglue.de\/fr\/wp-json\/wp\/v2\/kompatibel-zu?post=26244"},{"taxonomy":"leimtyp","embeddable":true,"href":"https:\/\/www.easyglue.de\/fr\/wp-json\/wp\/v2\/leimtyp?post=26244"},{"taxonomy":"product_brand","embeddable":true,"href":"https:\/\/www.easyglue.de\/fr\/wp-json\/wp\/v2\/product_brand?post=26244"},{"taxonomy":"product_cat","embeddable":true,"href":"https:\/\/www.easyglue.de\/fr\/wp-json\/wp\/v2\/product_cat?post=26244"},{"taxonomy":"product_tag","embeddable":true,"href":"https:\/\/www.easyglue.de\/fr\/wp-json\/wp\/v2\/product_tag?post=26244"}],"curies":[{"name":"wp","href":"https:\/\/api.w.org\/{rel}","templated":true}]}}