{"id":26288,"date":"2024-11-09T19:18:51","date_gmt":"2024-11-09T19:18:51","guid":{"rendered":"https:\/\/www.easyglue.de\/valve-de-collage-dd-40x\/"},"modified":"2025-12-16T06:09:38","modified_gmt":"2025-12-16T06:09:38","slug":"valve-de-collage-dd-40x","status":"publish","type":"product","link":"https:\/\/www.easyglue.de\/fr\/valve-de-collage-dd-40x\/","title":{"rendered":"Vanne \u00e0 colle froide DD-400"},"content":{"rendered":"<p>La valve \u00e0 colle froide DD-400 \u00e0 buse courte et \u00e9lectrovanne est la solution id\u00e9ale pour des applications de colle froide pr\u00e9cises et fiables. Elle est disponible avec un sol\u00e9no\u00efde de 24V ou de 6V. <\/p>\n<p>La valve de colle est disponible avec des diam\u00e8tres de buse de 0,3 mm, 0,4 mm et 0,6 mm, ce qui permet de l&rsquo;adapter de mani\u00e8re optimale aux diff\u00e9rentes exigences en mati\u00e8re de colle. Si le diam\u00e8tre de buse dont vous avez besoin n&rsquo;est pas mentionn\u00e9, n&rsquo;h\u00e9sitez pas \u00e0 nous le demander (shop@easyglue.de).<\/p>\n<p>L&rsquo;applicateur de colle robuste s&rsquo;int\u00e8gre facilement dans les syst\u00e8mes d&rsquo;application existants et est enti\u00e8rement compatible avec Baumer hhs\u00ae\/hhs\u00ae.<\/p>\n<p>Vous trouverez la buse de remplacement correspondante sous la r\u00e9f\u00e9rence EG102100114.<\/p>\n","protected":false},"excerpt":{"rendered":"<ul>\n<li>Valve \u00e9lectrique de colle froide pour l&rsquo;application de points et de traits<\/li>\n<li>Conception en acier inoxydable extr\u00eamement robuste<\/li>\n<li>Diam\u00e8tre de la buse : 0,3 mm - 0,6 mm<\/li>\n<li>Bobines magn\u00e9tiques 24V ou 6V<\/li>\n<li>Compatible avec Baumer hhs\u00ae\/hhs<\/li>\n<li>Num\u00e9ros de r\u00e9f\u00e9rence : 27460300 ; 27460400 ; 27460600 ; 27450300 ; 27450400 ; 27450600<\/li>\n<li>\n<div class=\"attributes-row\">\n<div class=\"attributes-label\">autres r\u00e9f\u00e9rences : DD-400 ; DD-40X ; DD400 ; DD-403 ; DD-404 ; DD-406<\/div>\n<\/div>\n<\/li>\n<\/ul>\n<div class=\"attributes-row\">\n<p>&nbsp;<\/p>\n<\/div>\n","protected":false},"featured_media":26294,"comment_status":"open","ping_status":"closed","template":"","meta":{"_acf_changed":false},"kompatibel-zu":[345],"leimtyp":[347],"product_brand":[],"product_cat":[378,382],"product_tag":[],"class_list":{"0":"post-26288","1":"product","2":"type-product","3":"status-publish","4":"has-post-thumbnail","6":"kompatibel-zu-pieces-de-rechange-compatibles-baumer-hhs-hhs","7":"leimtyp-colle-froide","8":"product_cat-vannes-de-colle","9":"product_cat-vannes-a-colle-froide","11":"first","12":"instock","13":"taxable","14":"shipping-taxable","15":"product-type-variable"},"acf":[],"_links":{"self":[{"href":"https:\/\/www.easyglue.de\/fr\/wp-json\/wp\/v2\/product\/26288","targetHints":{"allow":["GET"]}}],"collection":[{"href":"https:\/\/www.easyglue.de\/fr\/wp-json\/wp\/v2\/product"}],"about":[{"href":"https:\/\/www.easyglue.de\/fr\/wp-json\/wp\/v2\/types\/product"}],"replies":[{"embeddable":true,"href":"https:\/\/www.easyglue.de\/fr\/wp-json\/wp\/v2\/comments?post=26288"}],"version-history":[{"count":0,"href":"https:\/\/www.easyglue.de\/fr\/wp-json\/wp\/v2\/product\/26288\/revisions"}],"wp:featuredmedia":[{"embeddable":true,"href":"https:\/\/www.easyglue.de\/fr\/wp-json\/wp\/v2\/media\/26294"}],"wp:attachment":[{"href":"https:\/\/www.easyglue.de\/fr\/wp-json\/wp\/v2\/media?parent=26288"}],"wp:term":[{"taxonomy":"kompatibel-zu","embeddable":true,"href":"https:\/\/www.easyglue.de\/fr\/wp-json\/wp\/v2\/kompatibel-zu?post=26288"},{"taxonomy":"leimtyp","embeddable":true,"href":"https:\/\/www.easyglue.de\/fr\/wp-json\/wp\/v2\/leimtyp?post=26288"},{"taxonomy":"product_brand","embeddable":true,"href":"https:\/\/www.easyglue.de\/fr\/wp-json\/wp\/v2\/product_brand?post=26288"},{"taxonomy":"product_cat","embeddable":true,"href":"https:\/\/www.easyglue.de\/fr\/wp-json\/wp\/v2\/product_cat?post=26288"},{"taxonomy":"product_tag","embeddable":true,"href":"https:\/\/www.easyglue.de\/fr\/wp-json\/wp\/v2\/product_tag?post=26288"}],"curies":[{"name":"wp","href":"https:\/\/api.w.org\/{rel}","templated":true}]}}