{"id":26321,"date":"2024-11-09T19:18:50","date_gmt":"2024-11-09T19:18:50","guid":{"rendered":"https:\/\/www.easyglue.de\/buse-sk-h200-h40\/"},"modified":"2024-11-09T19:18:50","modified_gmt":"2024-11-09T19:18:50","slug":"buse-sk-h200-h40","status":"publish","type":"product","link":"https:\/\/www.easyglue.de\/fr\/buse-sk-h200-h40\/","title":{"rendered":"Buse SK H200\/H40"},"content":{"rendered":"","protected":false},"excerpt":{"rendered":"<ul>\n<li>Diam\u00e8tre de la buse : 0,25 - 1,0 mm<\/li>\n<li>Compatible avec Nordson\u00ae, Robatech\u00ae, Meler\u00ae.<\/li>\n<li>\n<div class=\"attributes-data\" data-th=\"Referenznummern\">Num\u00e9ros de r\u00e9f\u00e9rence : H200\/H40<\/div>\n<\/li>\n<li>\n<div class=\"attributes-row\">\n<div class=\"attributes-label\">Type de colle : colle chaude<\/div>\n<\/div>\n<\/li>\n<\/ul>\n","protected":false},"featured_media":17175,"comment_status":"open","ping_status":"closed","template":"","meta":{"_acf_changed":false},"kompatibel-zu":[349,351,352],"leimtyp":[346],"product_brand":[],"product_cat":[370],"product_tag":[],"class_list":{"0":"post-26321","1":"product","2":"type-product","3":"status-publish","4":"has-post-thumbnail","6":"kompatibel-zu-pieces-de-rechange-compatibles-robatech","7":"kompatibel-zu-pieces-de-rechange-compatibles-nordson","8":"kompatibel-zu-pieces-de-rechange-compatibles-meler","9":"leimtyp-colle-chaude","10":"product_cat-buses-a-colle-chaude-et-buses-a-colle-froide","12":"first","13":"instock","14":"taxable","15":"shipping-taxable","16":"product-type-variable"},"acf":[],"_links":{"self":[{"href":"https:\/\/www.easyglue.de\/fr\/wp-json\/wp\/v2\/product\/26321","targetHints":{"allow":["GET"]}}],"collection":[{"href":"https:\/\/www.easyglue.de\/fr\/wp-json\/wp\/v2\/product"}],"about":[{"href":"https:\/\/www.easyglue.de\/fr\/wp-json\/wp\/v2\/types\/product"}],"replies":[{"embeddable":true,"href":"https:\/\/www.easyglue.de\/fr\/wp-json\/wp\/v2\/comments?post=26321"}],"version-history":[{"count":0,"href":"https:\/\/www.easyglue.de\/fr\/wp-json\/wp\/v2\/product\/26321\/revisions"}],"wp:featuredmedia":[{"embeddable":true,"href":"https:\/\/www.easyglue.de\/fr\/wp-json\/wp\/v2\/media\/17175"}],"wp:attachment":[{"href":"https:\/\/www.easyglue.de\/fr\/wp-json\/wp\/v2\/media?parent=26321"}],"wp:term":[{"taxonomy":"kompatibel-zu","embeddable":true,"href":"https:\/\/www.easyglue.de\/fr\/wp-json\/wp\/v2\/kompatibel-zu?post=26321"},{"taxonomy":"leimtyp","embeddable":true,"href":"https:\/\/www.easyglue.de\/fr\/wp-json\/wp\/v2\/leimtyp?post=26321"},{"taxonomy":"product_brand","embeddable":true,"href":"https:\/\/www.easyglue.de\/fr\/wp-json\/wp\/v2\/product_brand?post=26321"},{"taxonomy":"product_cat","embeddable":true,"href":"https:\/\/www.easyglue.de\/fr\/wp-json\/wp\/v2\/product_cat?post=26321"},{"taxonomy":"product_tag","embeddable":true,"href":"https:\/\/www.easyglue.de\/fr\/wp-json\/wp\/v2\/product_tag?post=26321"}],"curies":[{"name":"wp","href":"https:\/\/api.w.org\/{rel}","templated":true}]}}