{"id":26372,"date":"2024-11-09T19:18:49","date_gmt":"2024-11-09T19:18:49","guid":{"rendered":"https:\/\/www.easyglue.de\/module-mini\/"},"modified":"2025-11-17T13:06:57","modified_gmt":"2025-11-17T13:06:57","slug":"module-mini","status":"publish","type":"product","link":"https:\/\/www.easyglue.de\/fr\/module-mini\/","title":{"rendered":"Module Alternative \u00e0 Nordson\u00ae MiniBlue"},"content":{"rendered":"<p>Le module est une alternative au Nordson\u00ae MiniBlue\u00ae et est une pi\u00e8ce de rechange pr\u00e9cise pour les syst\u00e8mes d&rsquo;application de colle chaude dans les installations de production industrielles. Il offre une finition pr\u00e9cise, une r\u00e9sistance aux temp\u00e9ratures \u00e9lev\u00e9es et des performances fiables, m\u00eame en fonctionnement continu. <\/p>\n<p>Cette pi\u00e8ce de rechange compatible convient \u00e0 l&rsquo;industrie de l&#8217;emballage, du bois et de l&rsquo;ameublement, et \u00e0 d&rsquo;autres applications o\u00f9 une application de colle pr\u00e9cise et reproductible est essentielle. Elle s&rsquo;int\u00e8gre facilement \u00e0 votre syst\u00e8me Nordson existant et offre une solution rentable tout en maintenant la qualit\u00e9. <\/p>\n<p>La fabrication et l&rsquo;assurance qualit\u00e9 sont effectu\u00e9es sur notre site en Allemagne afin de garantir une longue dur\u00e9e de vie et une stabilit\u00e9 op\u00e9rationnelle optimale.<\/p>\n<p>La facilit\u00e9 de montage et de maintenance minimise les temps d&rsquo;arr\u00eat et augmente la s\u00e9curit\u00e9 du processus.<\/p>\n","protected":false},"excerpt":{"rendered":"<ul>\n<li>Module compatible avec Nordson\u00ae MiniBlue<\/li>\n<li>Module d&rsquo;encollage pour l&rsquo;application par points ou par chenilles<\/li>\n<li>Ouverture et fermeture de l&rsquo;air<\/li>\n<li>Pour les fluides tr\u00e8s visqueux ou les d\u00e9bits \u00e9lev\u00e9s<\/li>\n<li>Compatible avec Nordson\u00ae.<\/li>\n<li>Num\u00e9ro de r\u00e9f\u00e9rence : 1051242<\/li>\n<li>Type de colle : colle chaude<\/li>\n<\/ul>\n","protected":false},"featured_media":26374,"comment_status":"open","ping_status":"closed","template":"","meta":{"_acf_changed":false},"kompatibel-zu":[351],"leimtyp":[346],"product_brand":[],"product_cat":[368],"product_tag":[],"class_list":{"0":"post-26372","1":"product","2":"type-product","3":"status-publish","4":"has-post-thumbnail","6":"kompatibel-zu-pieces-de-rechange-compatibles-nordson","7":"leimtyp-colle-chaude","8":"product_cat-modules","10":"first","11":"instock","12":"taxable","13":"shipping-taxable","14":"product-type-simple"},"acf":[],"_links":{"self":[{"href":"https:\/\/www.easyglue.de\/fr\/wp-json\/wp\/v2\/product\/26372","targetHints":{"allow":["GET"]}}],"collection":[{"href":"https:\/\/www.easyglue.de\/fr\/wp-json\/wp\/v2\/product"}],"about":[{"href":"https:\/\/www.easyglue.de\/fr\/wp-json\/wp\/v2\/types\/product"}],"replies":[{"embeddable":true,"href":"https:\/\/www.easyglue.de\/fr\/wp-json\/wp\/v2\/comments?post=26372"}],"version-history":[{"count":0,"href":"https:\/\/www.easyglue.de\/fr\/wp-json\/wp\/v2\/product\/26372\/revisions"}],"wp:featuredmedia":[{"embeddable":true,"href":"https:\/\/www.easyglue.de\/fr\/wp-json\/wp\/v2\/media\/26374"}],"wp:attachment":[{"href":"https:\/\/www.easyglue.de\/fr\/wp-json\/wp\/v2\/media?parent=26372"}],"wp:term":[{"taxonomy":"kompatibel-zu","embeddable":true,"href":"https:\/\/www.easyglue.de\/fr\/wp-json\/wp\/v2\/kompatibel-zu?post=26372"},{"taxonomy":"leimtyp","embeddable":true,"href":"https:\/\/www.easyglue.de\/fr\/wp-json\/wp\/v2\/leimtyp?post=26372"},{"taxonomy":"product_brand","embeddable":true,"href":"https:\/\/www.easyglue.de\/fr\/wp-json\/wp\/v2\/product_brand?post=26372"},{"taxonomy":"product_cat","embeddable":true,"href":"https:\/\/www.easyglue.de\/fr\/wp-json\/wp\/v2\/product_cat?post=26372"},{"taxonomy":"product_tag","embeddable":true,"href":"https:\/\/www.easyglue.de\/fr\/wp-json\/wp\/v2\/product_tag?post=26372"}],"curies":[{"name":"wp","href":"https:\/\/api.w.org\/{rel}","templated":true}]}}