{"id":26416,"date":"2024-11-09T19:19:02","date_gmt":"2024-11-09T19:19:02","guid":{"rendered":"https:\/\/www.easyglue.de\/pistolet-manuel-de-colle-chaude-pt\/"},"modified":"2024-11-09T19:19:02","modified_gmt":"2024-11-09T19:19:02","slug":"pistolet-manuel-de-colle-chaude-pt","status":"publish","type":"product","link":"https:\/\/www.easyglue.de\/fr\/pistolet-manuel-de-colle-chaude-pt\/","title":{"rendered":"Pistolet manuel de colle chaude Pt"},"content":{"rendered":"<p>Pistolet manuel Hotmelt avec sonde de temp\u00e9rature Pt100<\/p>\n<p>La buse doit \u00eatre command\u00e9e s\u00e9par\u00e9ment<\/p>\n<p><a href=\"https:\/\/shop.easyglue.de\/de\/kategorien\/dusen\/duse-handpistole-konisch.html\" target=\"_self\" rel=\"noopener\">Pour la buse<\/a><\/p>\n","protected":false},"excerpt":{"rendered":"<p>Pistolet manuel Hotmelt avec sonde de temp\u00e9rature Pt100 La buse doit \u00eatre command\u00e9e s\u00e9par\u00e9ment Pour la buse<\/p>\n","protected":false},"featured_media":0,"comment_status":"open","ping_status":"closed","template":"","meta":{"_acf_changed":false},"kompatibel-zu":[],"leimtyp":[346],"product_brand":[],"product_cat":[378,379],"product_tag":[],"class_list":{"0":"post-26416","1":"product","2":"type-product","3":"status-publish","5":"leimtyp-colle-chaude","6":"product_cat-vannes-de-colle","7":"product_cat-vannes-a-colle-chaude","9":"first","10":"instock","11":"taxable","12":"shipping-taxable","13":"product-type-simple"},"acf":[],"_links":{"self":[{"href":"https:\/\/www.easyglue.de\/fr\/wp-json\/wp\/v2\/product\/26416","targetHints":{"allow":["GET"]}}],"collection":[{"href":"https:\/\/www.easyglue.de\/fr\/wp-json\/wp\/v2\/product"}],"about":[{"href":"https:\/\/www.easyglue.de\/fr\/wp-json\/wp\/v2\/types\/product"}],"replies":[{"embeddable":true,"href":"https:\/\/www.easyglue.de\/fr\/wp-json\/wp\/v2\/comments?post=26416"}],"version-history":[{"count":0,"href":"https:\/\/www.easyglue.de\/fr\/wp-json\/wp\/v2\/product\/26416\/revisions"}],"wp:attachment":[{"href":"https:\/\/www.easyglue.de\/fr\/wp-json\/wp\/v2\/media?parent=26416"}],"wp:term":[{"taxonomy":"kompatibel-zu","embeddable":true,"href":"https:\/\/www.easyglue.de\/fr\/wp-json\/wp\/v2\/kompatibel-zu?post=26416"},{"taxonomy":"leimtyp","embeddable":true,"href":"https:\/\/www.easyglue.de\/fr\/wp-json\/wp\/v2\/leimtyp?post=26416"},{"taxonomy":"product_brand","embeddable":true,"href":"https:\/\/www.easyglue.de\/fr\/wp-json\/wp\/v2\/product_brand?post=26416"},{"taxonomy":"product_cat","embeddable":true,"href":"https:\/\/www.easyglue.de\/fr\/wp-json\/wp\/v2\/product_cat?post=26416"},{"taxonomy":"product_tag","embeddable":true,"href":"https:\/\/www.easyglue.de\/fr\/wp-json\/wp\/v2\/product_tag?post=26416"}],"curies":[{"name":"wp","href":"https:\/\/api.w.org\/{rel}","templated":true}]}}