{"id":26485,"date":"2024-11-09T19:19:13","date_gmt":"2024-11-09T19:19:13","guid":{"rendered":"https:\/\/www.easyglue.de\/jeu-de-valves-dapplication-de-colle-froide-465m-avec-capteur\/"},"modified":"2025-12-14T12:42:08","modified_gmt":"2025-12-14T12:42:08","slug":"jeu-de-valves-dapplication-de-colle-froide-465m-avec-capteur","status":"publish","type":"product","link":"https:\/\/www.easyglue.de\/fr\/jeu-de-valves-dapplication-de-colle-froide-465m-avec-capteur\/","title":{"rendered":"Vanne \u00e0 colle froide DLK-400 Kit avec capteur"},"content":{"rendered":"<p>Le kit de valve \u00e0 colle froide DLK-400, incluant un tuyau haute pression et un capteur, est la solution id\u00e9ale pour des applications de colle froide pr\u00e9cises et fiables. Le kit complet de valves convainc par sa haute qualit\u00e9 de fabrication et sa facilit\u00e9 d&rsquo;int\u00e9gration dans les syst\u00e8mes d&rsquo;application de colle existants de Baumer hhs\u00ae\/hhs\u00ae. <\/p>\n<p>La livraison comprend une valve DLK-400 avec un c\u00e2ble de 2 \u00e0 5 m (en fonction de la longueur du tuyau haute pression), y compris la fiche, un tuyau haute pression 1\/4&Prime; (1,65 m - 4,65 m) pour relier la valve d&rsquo;application de colle au distributeur de colle, ainsi qu&rsquo;un d\u00e9tecteur photo\u00e9lectrique reflex avec un c\u00e2ble de 2 \u00e0 5 m.<\/p>\n<p>La valve de colle est disponible avec des diam\u00e8tres de buse de 0,3 mm, 0,4 mm, 0,6 mm et 0,8 mm, ce qui permet de l&rsquo;adapter de mani\u00e8re optimale aux diff\u00e9rentes exigences en mati\u00e8re de colle. Si le diam\u00e8tre de buse dont vous avez besoin n&rsquo;est pas mentionn\u00e9, n&rsquo;h\u00e9sitez pas \u00e0 nous le demander (shop@easyglue.de).<\/p>\n<p>Il convainc par un dosage pr\u00e9cis, une fr\u00e9quence de commutation \u00e9lev\u00e9e et une longue dur\u00e9e de vie - id\u00e9al pour l&rsquo;utilisation industrielle et enti\u00e8rement compatible avec les syst\u00e8mes Baumer hhs\u00ae\/hhs\u00ae.<\/p>\n","protected":false},"excerpt":{"rendered":"<ul>\n<li>Kit de vannes pour les applications de colle froide, comprenant :\n<ul>\n<li>DLK-400 Vanne de collage avec c\u00e2ble de 2 \u00e0 5 m (en fonction de la longueur du tuyau haute pression), connecteur inclus (compatible Easyglue\/Baumer hhs\u00ae) <\/li>\n<li>Tuyau haute pression 1\/4&Prime; 1,65 m-4,65 m (connexion vanne DLK - distributeur de colle)<\/li>\n<li>Reflex sur r\u00e9flecteur avec 2-5 m de c\u00e2ble (en fonction de la longueur du tuyau haute pression)<\/li>\n<li>Tuyau spiral\u00e9 en faisceau<\/li>\n<\/ul>\n<\/li>\n<li>Tension de la bobine : 6 V DC<\/li>\n<li>Diam\u00e8tre de la buse : 0,3 mm - 0,8 mm<\/li>\n<li>Compatible avec Baumerhhs\u00ae\/hhs<\/li>\n<li>R\u00e9f\u00e9rences : colle \u00e0 froid ; DLK, DLK-400, DLK400, DLK-40X, DLK40X<\/li>\n<\/ul>\n<div class=\"attributes-row\"><\/div>\n","protected":false},"featured_media":26488,"comment_status":"open","ping_status":"closed","template":"","meta":{"_acf_changed":false},"kompatibel-zu":[345],"leimtyp":[347],"product_brand":[],"product_cat":[378,382],"product_tag":[],"class_list":{"0":"post-26485","1":"product","2":"type-product","3":"status-publish","4":"has-post-thumbnail","6":"kompatibel-zu-pieces-de-rechange-compatibles-baumer-hhs-hhs","7":"leimtyp-colle-froide","8":"product_cat-vannes-de-colle","9":"product_cat-vannes-a-colle-froide","11":"first","12":"instock","13":"taxable","14":"shipping-taxable","15":"product-type-variable"},"acf":[],"_links":{"self":[{"href":"https:\/\/www.easyglue.de\/fr\/wp-json\/wp\/v2\/product\/26485","targetHints":{"allow":["GET"]}}],"collection":[{"href":"https:\/\/www.easyglue.de\/fr\/wp-json\/wp\/v2\/product"}],"about":[{"href":"https:\/\/www.easyglue.de\/fr\/wp-json\/wp\/v2\/types\/product"}],"replies":[{"embeddable":true,"href":"https:\/\/www.easyglue.de\/fr\/wp-json\/wp\/v2\/comments?post=26485"}],"version-history":[{"count":0,"href":"https:\/\/www.easyglue.de\/fr\/wp-json\/wp\/v2\/product\/26485\/revisions"}],"wp:featuredmedia":[{"embeddable":true,"href":"https:\/\/www.easyglue.de\/fr\/wp-json\/wp\/v2\/media\/26488"}],"wp:attachment":[{"href":"https:\/\/www.easyglue.de\/fr\/wp-json\/wp\/v2\/media?parent=26485"}],"wp:term":[{"taxonomy":"kompatibel-zu","embeddable":true,"href":"https:\/\/www.easyglue.de\/fr\/wp-json\/wp\/v2\/kompatibel-zu?post=26485"},{"taxonomy":"leimtyp","embeddable":true,"href":"https:\/\/www.easyglue.de\/fr\/wp-json\/wp\/v2\/leimtyp?post=26485"},{"taxonomy":"product_brand","embeddable":true,"href":"https:\/\/www.easyglue.de\/fr\/wp-json\/wp\/v2\/product_brand?post=26485"},{"taxonomy":"product_cat","embeddable":true,"href":"https:\/\/www.easyglue.de\/fr\/wp-json\/wp\/v2\/product_cat?post=26485"},{"taxonomy":"product_tag","embeddable":true,"href":"https:\/\/www.easyglue.de\/fr\/wp-json\/wp\/v2\/product_tag?post=26485"}],"curies":[{"name":"wp","href":"https:\/\/api.w.org\/{rel}","templated":true}]}}