{"id":26543,"date":"2024-11-09T19:19:12","date_gmt":"2024-11-09T19:19:12","guid":{"rendered":"https:\/\/www.easyglue.de\/colle-chaude-vanne-900-rs-buse-de-pulverisation-plate-pt\/"},"modified":"2024-11-09T19:19:12","modified_gmt":"2024-11-09T19:19:12","slug":"colle-chaude-vanne-900-rs-buse-de-pulverisation-plate-pt","status":"publish","type":"product","link":"https:\/\/www.easyglue.de\/fr\/colle-chaude-vanne-900-rs-buse-de-pulverisation-plate-pt\/","title":{"rendered":"Colle chaude Vanne 900-RS Buse de pulv\u00e9risation plate Pt"},"content":{"rendered":"","protected":false},"excerpt":{"rendered":"<ul>\n<li>Vanne \u00e9lectropneumatique de colle chaude avec sonde de temp\u00e9rature Pt100<\/li>\n<li>Vanne de pulv\u00e9risation plate \u00e0 commutation air \/ ressort<\/li>\n<li>Temps de commutation rapide<\/li>\n<li>Aiguille autonettoyante avec bouchon de buse<\/li>\n<li>Filtre \u00e0 colle int\u00e9gr\u00e9 pour r\u00e9duire le colmatage des buses<\/li>\n<li>24V DC Bobine magn\u00e9tique<\/li>\n<li>\n<div class=\"attributes-row\">\n<div class=\"attributes-label\">\n<div class=\"attributes-row\">\n<div class=\"attributes-label\">Compatible avec Baumerhhs\u00ae\/hhs<\/div>\n<\/div>\n<\/div>\n<\/div>\n<\/li>\n<li>\n<div class=\"attributes-row\">\n<div class=\"attributes-label\">Num\u00e9ro de r\u00e9f\u00e9rence : 900<\/div>\n<\/div>\n<\/li>\n<\/ul>\n","protected":false},"featured_media":18040,"comment_status":"open","ping_status":"closed","template":"","meta":{"_acf_changed":false},"kompatibel-zu":[345],"leimtyp":[346],"product_brand":[],"product_cat":[378,379],"product_tag":[],"class_list":{"0":"post-26543","1":"product","2":"type-product","3":"status-publish","4":"has-post-thumbnail","6":"kompatibel-zu-pieces-de-rechange-compatibles-baumer-hhs-hhs","7":"leimtyp-colle-chaude","8":"product_cat-vannes-de-colle","9":"product_cat-vannes-a-colle-chaude","11":"first","12":"instock","13":"taxable","14":"shipping-taxable","15":"product-type-variable"},"acf":[],"_links":{"self":[{"href":"https:\/\/www.easyglue.de\/fr\/wp-json\/wp\/v2\/product\/26543","targetHints":{"allow":["GET"]}}],"collection":[{"href":"https:\/\/www.easyglue.de\/fr\/wp-json\/wp\/v2\/product"}],"about":[{"href":"https:\/\/www.easyglue.de\/fr\/wp-json\/wp\/v2\/types\/product"}],"replies":[{"embeddable":true,"href":"https:\/\/www.easyglue.de\/fr\/wp-json\/wp\/v2\/comments?post=26543"}],"version-history":[{"count":0,"href":"https:\/\/www.easyglue.de\/fr\/wp-json\/wp\/v2\/product\/26543\/revisions"}],"wp:featuredmedia":[{"embeddable":true,"href":"https:\/\/www.easyglue.de\/fr\/wp-json\/wp\/v2\/media\/18040"}],"wp:attachment":[{"href":"https:\/\/www.easyglue.de\/fr\/wp-json\/wp\/v2\/media?parent=26543"}],"wp:term":[{"taxonomy":"kompatibel-zu","embeddable":true,"href":"https:\/\/www.easyglue.de\/fr\/wp-json\/wp\/v2\/kompatibel-zu?post=26543"},{"taxonomy":"leimtyp","embeddable":true,"href":"https:\/\/www.easyglue.de\/fr\/wp-json\/wp\/v2\/leimtyp?post=26543"},{"taxonomy":"product_brand","embeddable":true,"href":"https:\/\/www.easyglue.de\/fr\/wp-json\/wp\/v2\/product_brand?post=26543"},{"taxonomy":"product_cat","embeddable":true,"href":"https:\/\/www.easyglue.de\/fr\/wp-json\/wp\/v2\/product_cat?post=26543"},{"taxonomy":"product_tag","embeddable":true,"href":"https:\/\/www.easyglue.de\/fr\/wp-json\/wp\/v2\/product_tag?post=26543"}],"curies":[{"name":"wp","href":"https:\/\/api.w.org\/{rel}","templated":true}]}}