{"id":26573,"date":"2024-11-09T19:19:12","date_gmt":"2024-11-09T19:19:12","guid":{"rendered":"https:\/\/www.easyglue.de\/vanne-de-colle-mfs-buse-de-pulverisation-plate\/"},"modified":"2025-12-14T12:51:41","modified_gmt":"2025-12-14T12:51:41","slug":"vanne-de-colle-mfs-buse-de-pulverisation-plate","status":"publish","type":"product","link":"https:\/\/www.easyglue.de\/fr\/vanne-de-colle-mfs-buse-de-pulverisation-plate\/","title":{"rendered":"Vanne \u00e0 colle froide MFS avec buse de pulv\u00e9risation plate"},"content":{"rendered":"<p>La valve de colle froide MFS avec buse de pulv\u00e9risation plate est la solution id\u00e9ale pour des applications de colle froide pr\u00e9cises et fiables. Elle est r\u00e9put\u00e9e pour sa qualit\u00e9 de fabrication et s&rsquo;int\u00e8gre parfaitement dans les syst\u00e8mes d&rsquo;application de colle existants.  Le r\u00e9glage par crans assure un r\u00e9glage continu de la course de l&rsquo;aiguille.<\/p>\n<p>La valve de colle est disponible avec des diam\u00e8tres de buse de 0,3 mm, 0,5 mm et 0,8 mm, ce qui permet de l&rsquo;adapter de mani\u00e8re optimale aux diff\u00e9rentes exigences en mati\u00e8re de colle. Si le diam\u00e8tre de buse dont vous avez besoin ne figure pas dans la liste, n&rsquo;h\u00e9sitez pas \u00e0 nous le demander (shop@easyglue.de). <\/p>\n<p>Il convainc par un dosage pr\u00e9cis, une fr\u00e9quence de commutation \u00e9lev\u00e9e et une longue dur\u00e9e de vie - id\u00e9al pour l&rsquo;utilisation industrielle, m\u00eame dans des conditions de production exigeantes, et 100% compatible avec les connexions des syst\u00e8mes Baumer hhs\u00ae\/hhs\u00ae.<\/p>\n","protected":false},"excerpt":{"rendered":"<ul>\n<li>Vanne pneumatique de pulv\u00e9risation de colle froide \u00e0 plat avec r\u00e9glage de la trame<\/li>\n<li>Compatible avec Baumer hhs\u00ae\/hhs<\/li>\n<li>\n<div class=\"attributes-row\">\n<div class=\"attributes-label\">Num\u00e9ros de r\u00e9f\u00e9rence : 36140800 ; 36140500 ; 36140300<\/div>\n<\/div>\n<\/li>\n<li>\n<div class=\"attributes-row\">\n<div class=\"attributes-label\">Autre r\u00e9f\u00e9rence : MFS<\/div>\n<\/div>\n<\/li>\n<\/ul>\n","protected":false},"featured_media":26574,"comment_status":"open","ping_status":"closed","template":"","meta":{"_acf_changed":false},"kompatibel-zu":[345],"leimtyp":[347],"product_brand":[],"product_cat":[378,382],"product_tag":[],"class_list":{"0":"post-26573","1":"product","2":"type-product","3":"status-publish","4":"has-post-thumbnail","6":"kompatibel-zu-pieces-de-rechange-compatibles-baumer-hhs-hhs","7":"leimtyp-colle-froide","8":"product_cat-vannes-de-colle","9":"product_cat-vannes-a-colle-froide","11":"first","12":"instock","13":"taxable","14":"shipping-taxable","15":"product-type-variable"},"acf":[],"_links":{"self":[{"href":"https:\/\/www.easyglue.de\/fr\/wp-json\/wp\/v2\/product\/26573","targetHints":{"allow":["GET"]}}],"collection":[{"href":"https:\/\/www.easyglue.de\/fr\/wp-json\/wp\/v2\/product"}],"about":[{"href":"https:\/\/www.easyglue.de\/fr\/wp-json\/wp\/v2\/types\/product"}],"replies":[{"embeddable":true,"href":"https:\/\/www.easyglue.de\/fr\/wp-json\/wp\/v2\/comments?post=26573"}],"version-history":[{"count":0,"href":"https:\/\/www.easyglue.de\/fr\/wp-json\/wp\/v2\/product\/26573\/revisions"}],"wp:featuredmedia":[{"embeddable":true,"href":"https:\/\/www.easyglue.de\/fr\/wp-json\/wp\/v2\/media\/26574"}],"wp:attachment":[{"href":"https:\/\/www.easyglue.de\/fr\/wp-json\/wp\/v2\/media?parent=26573"}],"wp:term":[{"taxonomy":"kompatibel-zu","embeddable":true,"href":"https:\/\/www.easyglue.de\/fr\/wp-json\/wp\/v2\/kompatibel-zu?post=26573"},{"taxonomy":"leimtyp","embeddable":true,"href":"https:\/\/www.easyglue.de\/fr\/wp-json\/wp\/v2\/leimtyp?post=26573"},{"taxonomy":"product_brand","embeddable":true,"href":"https:\/\/www.easyglue.de\/fr\/wp-json\/wp\/v2\/product_brand?post=26573"},{"taxonomy":"product_cat","embeddable":true,"href":"https:\/\/www.easyglue.de\/fr\/wp-json\/wp\/v2\/product_cat?post=26573"},{"taxonomy":"product_tag","embeddable":true,"href":"https:\/\/www.easyglue.de\/fr\/wp-json\/wp\/v2\/product_tag?post=26573"}],"curies":[{"name":"wp","href":"https:\/\/api.w.org\/{rel}","templated":true}]}}