{"id":26590,"date":"2024-11-09T19:19:09","date_gmt":"2024-11-09T19:19:09","guid":{"rendered":"https:\/\/www.easyglue.de\/capuchon-pour-les-buses-a-colle-froide\/"},"modified":"2024-11-09T19:19:09","modified_gmt":"2024-11-09T19:19:09","slug":"capuchon-pour-les-buses-a-colle-froide","status":"publish","type":"product","link":"https:\/\/www.easyglue.de\/fr\/capuchon-pour-les-buses-a-colle-froide\/","title":{"rendered":"Capuchon pour les buses \u00e0 colle froide"},"content":{"rendered":"","protected":false},"excerpt":{"rendered":"<ul>\n<li>Emp\u00eache le s\u00e9chage lors de longues p\u00e9riodes d&rsquo;inactivit\u00e9<\/li>\n<li>\n<div class=\"attributes-row\">\n<div class=\"attributes-label\">Compatible avec Baumerhhs\u00ae\/hhs\u00ae, Nordson\u00ae, Robatech\u00ae, B\u00fchnen\u00ae, Puffe\u00ae, Meler\u00ae, ITW Dynatec\u00ae\/Inatec\u00ae, ValcoMelton\u00ae.<\/div>\n<\/div>\n<\/li>\n<li>(type de colle : colle froide)<\/li>\n<\/ul>\n","protected":false},"featured_media":19720,"comment_status":"open","ping_status":"closed","template":"","meta":{"_acf_changed":false},"kompatibel-zu":[345,349,351,352,353,354],"leimtyp":[347],"product_brand":[],"product_cat":[374],"product_tag":[],"class_list":{"0":"post-26590","1":"product","2":"type-product","3":"status-publish","4":"has-post-thumbnail","6":"kompatibel-zu-pieces-de-rechange-compatibles-baumer-hhs-hhs","7":"kompatibel-zu-pieces-de-rechange-compatibles-robatech","8":"kompatibel-zu-pieces-de-rechange-compatibles-nordson","9":"kompatibel-zu-pieces-de-rechange-compatibles-meler","10":"kompatibel-zu-pieces-de-rechange-compatibles-itw-dynatec","11":"kompatibel-zu-pieces-de-rechange-compatibles-valco-melton","12":"leimtyp-colle-froide","13":"product_cat-autres","15":"first","16":"instock","17":"taxable","18":"shipping-taxable","19":"product-type-simple"},"acf":[],"_links":{"self":[{"href":"https:\/\/www.easyglue.de\/fr\/wp-json\/wp\/v2\/product\/26590","targetHints":{"allow":["GET"]}}],"collection":[{"href":"https:\/\/www.easyglue.de\/fr\/wp-json\/wp\/v2\/product"}],"about":[{"href":"https:\/\/www.easyglue.de\/fr\/wp-json\/wp\/v2\/types\/product"}],"replies":[{"embeddable":true,"href":"https:\/\/www.easyglue.de\/fr\/wp-json\/wp\/v2\/comments?post=26590"}],"version-history":[{"count":0,"href":"https:\/\/www.easyglue.de\/fr\/wp-json\/wp\/v2\/product\/26590\/revisions"}],"wp:featuredmedia":[{"embeddable":true,"href":"https:\/\/www.easyglue.de\/fr\/wp-json\/wp\/v2\/media\/19720"}],"wp:attachment":[{"href":"https:\/\/www.easyglue.de\/fr\/wp-json\/wp\/v2\/media?parent=26590"}],"wp:term":[{"taxonomy":"kompatibel-zu","embeddable":true,"href":"https:\/\/www.easyglue.de\/fr\/wp-json\/wp\/v2\/kompatibel-zu?post=26590"},{"taxonomy":"leimtyp","embeddable":true,"href":"https:\/\/www.easyglue.de\/fr\/wp-json\/wp\/v2\/leimtyp?post=26590"},{"taxonomy":"product_brand","embeddable":true,"href":"https:\/\/www.easyglue.de\/fr\/wp-json\/wp\/v2\/product_brand?post=26590"},{"taxonomy":"product_cat","embeddable":true,"href":"https:\/\/www.easyglue.de\/fr\/wp-json\/wp\/v2\/product_cat?post=26590"},{"taxonomy":"product_tag","embeddable":true,"href":"https:\/\/www.easyglue.de\/fr\/wp-json\/wp\/v2\/product_tag?post=26590"}],"curies":[{"name":"wp","href":"https:\/\/api.w.org\/{rel}","templated":true}]}}