{"id":26648,"date":"2024-11-09T19:19:08","date_gmt":"2024-11-09T19:19:08","guid":{"rendered":"https:\/\/www.easyglue.de\/vanne-de-collage-mkdd-108-fl-ra-24v-230v\/"},"modified":"2025-12-10T07:30:38","modified_gmt":"2025-12-10T07:30:38","slug":"vanne-de-collage-mkdd-108-fl-ra-24v-230v","status":"publish","type":"product","link":"https:\/\/www.easyglue.de\/fr\/vanne-de-collage-mkdd-108-fl-ra-24v-230v\/","title":{"rendered":"Vanne \u00e0 colle froide MKDD-100 avec buse de surface et grille"},"content":{"rendered":"<p>Vers le masque brut<\/p>\n<p>Vers le masque fini<\/p>\n","protected":false},"excerpt":{"rendered":"<ul>\n<li>Vanne \u00e9lectropneumatique de colle froide avec r\u00e9glage par crans<\/li>\n<li>24V DC ou 230V AC Bobines magn\u00e9tiques<\/li>\n<li>Pressions de colle jusqu&rsquo;\u00e0 35 bar<\/li>\n<li>Avec buse \u00e0 large fente, sans masque<\/li>\n<li>Largeur d&rsquo;application avec masque max. 20mm <\/li>\n<li>Compatible avec : Baumerhhs\u00ae\/hhs<\/li>\n<li>\n<div class=\"attributes-row\">\n<div class=\"attributes-label\">Num\u00e9ro de r\u00e9f\u00e9rence : 34740800<\/div>\n<\/div>\n<\/li>\n<li>Autre r\u00e9f\u00e9rence : MKDD-108-FL-RA<\/li>\n<\/ul>\n","protected":false},"featured_media":26649,"comment_status":"open","ping_status":"closed","template":"","meta":{"_acf_changed":false},"kompatibel-zu":[345],"leimtyp":[347],"product_brand":[],"product_cat":[378,382],"product_tag":[],"class_list":{"0":"post-26648","1":"product","2":"type-product","3":"status-publish","4":"has-post-thumbnail","6":"kompatibel-zu-pieces-de-rechange-compatibles-baumer-hhs-hhs","7":"leimtyp-colle-froide","8":"product_cat-vannes-de-colle","9":"product_cat-vannes-a-colle-froide","11":"first","12":"instock","13":"taxable","14":"shipping-taxable","15":"product-type-variable"},"acf":[],"_links":{"self":[{"href":"https:\/\/www.easyglue.de\/fr\/wp-json\/wp\/v2\/product\/26648","targetHints":{"allow":["GET"]}}],"collection":[{"href":"https:\/\/www.easyglue.de\/fr\/wp-json\/wp\/v2\/product"}],"about":[{"href":"https:\/\/www.easyglue.de\/fr\/wp-json\/wp\/v2\/types\/product"}],"replies":[{"embeddable":true,"href":"https:\/\/www.easyglue.de\/fr\/wp-json\/wp\/v2\/comments?post=26648"}],"version-history":[{"count":0,"href":"https:\/\/www.easyglue.de\/fr\/wp-json\/wp\/v2\/product\/26648\/revisions"}],"wp:featuredmedia":[{"embeddable":true,"href":"https:\/\/www.easyglue.de\/fr\/wp-json\/wp\/v2\/media\/26649"}],"wp:attachment":[{"href":"https:\/\/www.easyglue.de\/fr\/wp-json\/wp\/v2\/media?parent=26648"}],"wp:term":[{"taxonomy":"kompatibel-zu","embeddable":true,"href":"https:\/\/www.easyglue.de\/fr\/wp-json\/wp\/v2\/kompatibel-zu?post=26648"},{"taxonomy":"leimtyp","embeddable":true,"href":"https:\/\/www.easyglue.de\/fr\/wp-json\/wp\/v2\/leimtyp?post=26648"},{"taxonomy":"product_brand","embeddable":true,"href":"https:\/\/www.easyglue.de\/fr\/wp-json\/wp\/v2\/product_brand?post=26648"},{"taxonomy":"product_cat","embeddable":true,"href":"https:\/\/www.easyglue.de\/fr\/wp-json\/wp\/v2\/product_cat?post=26648"},{"taxonomy":"product_tag","embeddable":true,"href":"https:\/\/www.easyglue.de\/fr\/wp-json\/wp\/v2\/product_tag?post=26648"}],"curies":[{"name":"wp","href":"https:\/\/api.w.org\/{rel}","templated":true}]}}