{"id":26673,"date":"2024-11-09T19:19:08","date_gmt":"2024-11-09T19:19:08","guid":{"rendered":"https:\/\/www.easyglue.de\/vanne-a-colle-chaude-hm600-micro-ni-isolee\/"},"modified":"2024-11-09T19:19:08","modified_gmt":"2024-11-09T19:19:08","slug":"vanne-a-colle-chaude-hm600-micro-ni-isolee","status":"publish","type":"product","link":"https:\/\/www.easyglue.de\/fr\/vanne-a-colle-chaude-hm600-micro-ni-isolee\/","title":{"rendered":"Vanne \u00e0 colle chaude HM600 Micro Ni isol\u00e9e"},"content":{"rendered":"<p>Les buses suivantes sont compatibles :<\/p>\n<ul>\n<li>Buse SK H200\/H40<\/li>\n<li>Buse de colle 0,25 - 1,0mm<\/li>\n<li>Buse coud\u00e9e 90\u00b0 1 trou<\/li>\n<li>Buse coud\u00e9e 90\u00b0 2 trous 15<\/li>\n<li>Buse coud\u00e9e 90\u00b0 2 trous 30<\/li>\n<\/ul>\n","protected":false},"excerpt":{"rendered":"<ul>\n<li>Vanne \u00e9lectropneumatique isol\u00e9e pour colle chaude avec capteur de temp\u00e9rature Ni120<\/li>\n<li>Applicateur de buse \u00e0 commutation air \/ air<\/li>\n<li>Temps de commutation tr\u00e8s rapides<\/li>\n<li>Filtre \u00e0 colle int\u00e9gr\u00e9 pour r\u00e9duire le colmatage des buses<\/li>\n<li>Bobine magn\u00e9tique 24V DC, connecteur de vanne inclus<\/li>\n<li>Compatible avec Nordson\u00ae.<\/li>\n<li>Num\u00e9ro de r\u00e9f\u00e9rence : HM600 micro Ni iso<\/li>\n<\/ul>\n<p>Remarque : les buses doivent \u00eatre command\u00e9es s\u00e9par\u00e9ment.<\/p>\n","protected":false},"featured_media":18067,"comment_status":"open","ping_status":"closed","template":"","meta":{"_acf_changed":false},"kompatibel-zu":[351],"leimtyp":[346],"product_brand":[],"product_cat":[378,379],"product_tag":[],"class_list":{"0":"post-26673","1":"product","2":"type-product","3":"status-publish","4":"has-post-thumbnail","6":"kompatibel-zu-pieces-de-rechange-compatibles-nordson","7":"leimtyp-colle-chaude","8":"product_cat-vannes-de-colle","9":"product_cat-vannes-a-colle-chaude","11":"first","12":"instock","13":"taxable","14":"shipping-taxable","15":"product-type-simple"},"acf":[],"_links":{"self":[{"href":"https:\/\/www.easyglue.de\/fr\/wp-json\/wp\/v2\/product\/26673","targetHints":{"allow":["GET"]}}],"collection":[{"href":"https:\/\/www.easyglue.de\/fr\/wp-json\/wp\/v2\/product"}],"about":[{"href":"https:\/\/www.easyglue.de\/fr\/wp-json\/wp\/v2\/types\/product"}],"replies":[{"embeddable":true,"href":"https:\/\/www.easyglue.de\/fr\/wp-json\/wp\/v2\/comments?post=26673"}],"version-history":[{"count":0,"href":"https:\/\/www.easyglue.de\/fr\/wp-json\/wp\/v2\/product\/26673\/revisions"}],"wp:featuredmedia":[{"embeddable":true,"href":"https:\/\/www.easyglue.de\/fr\/wp-json\/wp\/v2\/media\/18067"}],"wp:attachment":[{"href":"https:\/\/www.easyglue.de\/fr\/wp-json\/wp\/v2\/media?parent=26673"}],"wp:term":[{"taxonomy":"kompatibel-zu","embeddable":true,"href":"https:\/\/www.easyglue.de\/fr\/wp-json\/wp\/v2\/kompatibel-zu?post=26673"},{"taxonomy":"leimtyp","embeddable":true,"href":"https:\/\/www.easyglue.de\/fr\/wp-json\/wp\/v2\/leimtyp?post=26673"},{"taxonomy":"product_brand","embeddable":true,"href":"https:\/\/www.easyglue.de\/fr\/wp-json\/wp\/v2\/product_brand?post=26673"},{"taxonomy":"product_cat","embeddable":true,"href":"https:\/\/www.easyglue.de\/fr\/wp-json\/wp\/v2\/product_cat?post=26673"},{"taxonomy":"product_tag","embeddable":true,"href":"https:\/\/www.easyglue.de\/fr\/wp-json\/wp\/v2\/product_tag?post=26673"}],"curies":[{"name":"wp","href":"https:\/\/api.w.org\/{rel}","templated":true}]}}