{"id":26699,"date":"2024-11-09T19:19:07","date_gmt":"2024-11-09T19:19:07","guid":{"rendered":"https:\/\/www.easyglue.de\/filtre-de-reservoir-micron\/"},"modified":"2024-11-09T19:19:07","modified_gmt":"2024-11-09T19:19:07","slug":"filtre-de-reservoir-micron","status":"publish","type":"product","link":"https:\/\/www.easyglue.de\/fr\/filtre-de-reservoir-micron\/","title":{"rendered":"Filtre de r\u00e9servoir Micron"},"content":{"rendered":"","protected":false},"excerpt":{"rendered":"<ul>\n<li>Compatible avec Meler\u00ae Micron<\/li>\n<li>Maille de 0,1 mm 100 mesh<\/li>\n<li>Num\u00e9ro de r\u00e9f\u00e9rence : 150029240<\/li>\n<li>Autre r\u00e9f\u00e9rence : Micron<\/li>\n<li>Type de colle : colle chaude<\/li>\n<\/ul>\n","protected":false},"featured_media":17830,"comment_status":"open","ping_status":"closed","template":"","meta":{"_acf_changed":false},"kompatibel-zu":[352],"leimtyp":[346],"product_brand":[],"product_cat":[362],"product_tag":[],"class_list":{"0":"post-26699","1":"product","2":"type-product","3":"status-publish","4":"has-post-thumbnail","6":"kompatibel-zu-pieces-de-rechange-compatibles-meler","7":"leimtyp-colle-chaude","8":"product_cat-filtres-a-colle-chaude-et-filtres-a-colle-froide","10":"first","11":"instock","12":"taxable","13":"shipping-taxable","14":"product-type-simple"},"acf":[],"_links":{"self":[{"href":"https:\/\/www.easyglue.de\/fr\/wp-json\/wp\/v2\/product\/26699","targetHints":{"allow":["GET"]}}],"collection":[{"href":"https:\/\/www.easyglue.de\/fr\/wp-json\/wp\/v2\/product"}],"about":[{"href":"https:\/\/www.easyglue.de\/fr\/wp-json\/wp\/v2\/types\/product"}],"replies":[{"embeddable":true,"href":"https:\/\/www.easyglue.de\/fr\/wp-json\/wp\/v2\/comments?post=26699"}],"version-history":[{"count":0,"href":"https:\/\/www.easyglue.de\/fr\/wp-json\/wp\/v2\/product\/26699\/revisions"}],"wp:featuredmedia":[{"embeddable":true,"href":"https:\/\/www.easyglue.de\/fr\/wp-json\/wp\/v2\/media\/17830"}],"wp:attachment":[{"href":"https:\/\/www.easyglue.de\/fr\/wp-json\/wp\/v2\/media?parent=26699"}],"wp:term":[{"taxonomy":"kompatibel-zu","embeddable":true,"href":"https:\/\/www.easyglue.de\/fr\/wp-json\/wp\/v2\/kompatibel-zu?post=26699"},{"taxonomy":"leimtyp","embeddable":true,"href":"https:\/\/www.easyglue.de\/fr\/wp-json\/wp\/v2\/leimtyp?post=26699"},{"taxonomy":"product_brand","embeddable":true,"href":"https:\/\/www.easyglue.de\/fr\/wp-json\/wp\/v2\/product_brand?post=26699"},{"taxonomy":"product_cat","embeddable":true,"href":"https:\/\/www.easyglue.de\/fr\/wp-json\/wp\/v2\/product_cat?post=26699"},{"taxonomy":"product_tag","embeddable":true,"href":"https:\/\/www.easyglue.de\/fr\/wp-json\/wp\/v2\/product_tag?post=26699"}],"curies":[{"name":"wp","href":"https:\/\/api.w.org\/{rel}","templated":true}]}}