{"id":26714,"date":"2024-11-09T19:19:06","date_gmt":"2024-11-09T19:19:06","guid":{"rendered":"https:\/\/www.easyglue.de\/vanne-de-collage-mkdd-10x-lvm\/"},"modified":"2025-12-13T12:06:58","modified_gmt":"2025-12-13T12:06:58","slug":"vanne-de-collage-mkdd-10x-lvm","status":"publish","type":"product","link":"https:\/\/www.easyglue.de\/fr\/vanne-de-collage-mkdd-10x-lvm\/","title":{"rendered":"Vanne \u00e0 colle froide MKDD-100-LVM"},"content":{"rendered":"<p>Vers la buse de remplacement<\/p>\n","protected":false},"excerpt":{"rendered":"<ul>\n<li>Vanne pneumatique de pulv\u00e9risation de colle froide avec r\u00e9glage de la trame<\/li>\n<li>Pressions de colle jusqu&rsquo;\u00e0 35 bar<\/li>\n<li>Diam\u00e8tre de la buse 0,4 mm - 0,6 mm<\/li>\n<li>Compatible avec : Baumerhhs\u00ae\/hhs<\/li>\n<li>\n<div class=\"attributes-row\">\n<div class=\"attributes-label\">Num\u00e9ros de r\u00e9f\u00e9rence : 34290900 ; 34291700<\/div>\n<\/div>\n<\/li>\n<li>Autre r\u00e9f\u00e9rence : MKDD-10X-LVM<\/li>\n<\/ul>\n","protected":false},"featured_media":26716,"comment_status":"open","ping_status":"closed","template":"","meta":{"_acf_changed":false},"kompatibel-zu":[345],"leimtyp":[347],"product_brand":[],"product_cat":[378,382],"product_tag":[],"class_list":{"0":"post-26714","1":"product","2":"type-product","3":"status-publish","4":"has-post-thumbnail","6":"kompatibel-zu-pieces-de-rechange-compatibles-baumer-hhs-hhs","7":"leimtyp-colle-froide","8":"product_cat-vannes-de-colle","9":"product_cat-vannes-a-colle-froide","11":"first","12":"instock","13":"taxable","14":"shipping-taxable","15":"product-type-variable"},"acf":[],"_links":{"self":[{"href":"https:\/\/www.easyglue.de\/fr\/wp-json\/wp\/v2\/product\/26714","targetHints":{"allow":["GET"]}}],"collection":[{"href":"https:\/\/www.easyglue.de\/fr\/wp-json\/wp\/v2\/product"}],"about":[{"href":"https:\/\/www.easyglue.de\/fr\/wp-json\/wp\/v2\/types\/product"}],"replies":[{"embeddable":true,"href":"https:\/\/www.easyglue.de\/fr\/wp-json\/wp\/v2\/comments?post=26714"}],"version-history":[{"count":0,"href":"https:\/\/www.easyglue.de\/fr\/wp-json\/wp\/v2\/product\/26714\/revisions"}],"wp:featuredmedia":[{"embeddable":true,"href":"https:\/\/www.easyglue.de\/fr\/wp-json\/wp\/v2\/media\/26716"}],"wp:attachment":[{"href":"https:\/\/www.easyglue.de\/fr\/wp-json\/wp\/v2\/media?parent=26714"}],"wp:term":[{"taxonomy":"kompatibel-zu","embeddable":true,"href":"https:\/\/www.easyglue.de\/fr\/wp-json\/wp\/v2\/kompatibel-zu?post=26714"},{"taxonomy":"leimtyp","embeddable":true,"href":"https:\/\/www.easyglue.de\/fr\/wp-json\/wp\/v2\/leimtyp?post=26714"},{"taxonomy":"product_brand","embeddable":true,"href":"https:\/\/www.easyglue.de\/fr\/wp-json\/wp\/v2\/product_brand?post=26714"},{"taxonomy":"product_cat","embeddable":true,"href":"https:\/\/www.easyglue.de\/fr\/wp-json\/wp\/v2\/product_cat?post=26714"},{"taxonomy":"product_tag","embeddable":true,"href":"https:\/\/www.easyglue.de\/fr\/wp-json\/wp\/v2\/product_tag?post=26714"}],"curies":[{"name":"wp","href":"https:\/\/api.w.org\/{rel}","templated":true}]}}