{"id":26746,"date":"2024-11-09T19:19:04","date_gmt":"2024-11-09T19:19:04","guid":{"rendered":"https:\/\/www.easyglue.de\/buse-vd-v-300-03-08mm\/"},"modified":"2024-11-09T19:19:04","modified_gmt":"2024-11-09T19:19:04","slug":"buse-vd-v-300-03-08mm","status":"publish","type":"product","link":"https:\/\/www.easyglue.de\/fr\/buse-vd-v-300-03-08mm\/","title":{"rendered":"Buse VD V-300 0,3 - 0,8mm"},"content":{"rendered":"","protected":false},"excerpt":{"rendered":"<ul>\n<li>Diam\u00e8tre de la buse : 0,3 - 0,8 mm<\/li>\n<li>Compatible avec Baumerhhs\u00ae\/hhs\u00ae V-300<\/li>\n<li>Num\u00e9ros de r\u00e9f\u00e9rence : 85130103 ; 85130104 ; 85130106 ; 85130108<\/li>\n<li>\n<div class=\"attributes-row\">\n<div class=\"attributes-label\">Type de colle : colle chaude, colle froide<\/div>\n<\/div>\n<\/li>\n<\/ul>\n","protected":false},"featured_media":17219,"comment_status":"open","ping_status":"closed","template":"","meta":{"_acf_changed":false},"kompatibel-zu":[345],"leimtyp":[346,347],"product_brand":[],"product_cat":[370],"product_tag":[],"class_list":{"0":"post-26746","1":"product","2":"type-product","3":"status-publish","4":"has-post-thumbnail","6":"kompatibel-zu-pieces-de-rechange-compatibles-baumer-hhs-hhs","7":"leimtyp-colle-chaude","8":"leimtyp-colle-froide","9":"product_cat-buses-a-colle-chaude-et-buses-a-colle-froide","11":"first","12":"instock","13":"taxable","14":"shipping-taxable","15":"product-type-variable"},"acf":[],"_links":{"self":[{"href":"https:\/\/www.easyglue.de\/fr\/wp-json\/wp\/v2\/product\/26746","targetHints":{"allow":["GET"]}}],"collection":[{"href":"https:\/\/www.easyglue.de\/fr\/wp-json\/wp\/v2\/product"}],"about":[{"href":"https:\/\/www.easyglue.de\/fr\/wp-json\/wp\/v2\/types\/product"}],"replies":[{"embeddable":true,"href":"https:\/\/www.easyglue.de\/fr\/wp-json\/wp\/v2\/comments?post=26746"}],"version-history":[{"count":0,"href":"https:\/\/www.easyglue.de\/fr\/wp-json\/wp\/v2\/product\/26746\/revisions"}],"wp:featuredmedia":[{"embeddable":true,"href":"https:\/\/www.easyglue.de\/fr\/wp-json\/wp\/v2\/media\/17219"}],"wp:attachment":[{"href":"https:\/\/www.easyglue.de\/fr\/wp-json\/wp\/v2\/media?parent=26746"}],"wp:term":[{"taxonomy":"kompatibel-zu","embeddable":true,"href":"https:\/\/www.easyglue.de\/fr\/wp-json\/wp\/v2\/kompatibel-zu?post=26746"},{"taxonomy":"leimtyp","embeddable":true,"href":"https:\/\/www.easyglue.de\/fr\/wp-json\/wp\/v2\/leimtyp?post=26746"},{"taxonomy":"product_brand","embeddable":true,"href":"https:\/\/www.easyglue.de\/fr\/wp-json\/wp\/v2\/product_brand?post=26746"},{"taxonomy":"product_cat","embeddable":true,"href":"https:\/\/www.easyglue.de\/fr\/wp-json\/wp\/v2\/product_cat?post=26746"},{"taxonomy":"product_tag","embeddable":true,"href":"https:\/\/www.easyglue.de\/fr\/wp-json\/wp\/v2\/product_tag?post=26746"}],"curies":[{"name":"wp","href":"https:\/\/api.w.org\/{rel}","templated":true}]}}