{"id":26773,"date":"2024-11-09T19:19:03","date_gmt":"2024-11-09T19:19:03","guid":{"rendered":"https:\/\/www.easyglue.de\/vanne-a-colle-chaude-hm900-lv-ni-24v-230v\/"},"modified":"2024-11-09T19:19:03","modified_gmt":"2024-11-09T19:19:03","slug":"vanne-a-colle-chaude-hm900-lv-ni-24v-230v","status":"publish","type":"product","link":"https:\/\/www.easyglue.de\/fr\/vanne-a-colle-chaude-hm900-lv-ni-24v-230v\/","title":{"rendered":"Vanne \u00e0 colle chaude HM900-LV-Ni 24V &amp; 230V"},"content":{"rendered":"<p>Vanne \u00e9lectropneumatique de colle chaude avec sonde de temp\u00e9rature Ni120<\/p>\n<p>Valve de commutation air\/ressort \u00e0 point\/tiret<\/p>\n<p>Conception \u00e9troite de 25 mm<\/p>\n<p>Temps de commutation rapide<\/p>\n<p>Aiguille autonettoyante avec obturateur de buse<\/p>\n<p>Disponible en plusieurs diam\u00e8tres<\/p>\n<p>Filtre \u00e0 colle int\u00e9gr\u00e9, r\u00e9duit le colmatage des buses<\/p>\n<p>24V DC ou 230V AC sol\u00e9no\u00efde, connecteur de vanne inclus<\/p>\n<p><a href=\"https:\/\/shop.easyglue.de\/de\/duse-lv-ref-nr-85310003-85310004-85310006-85310008.html\" rel=\"noopener\">Vers la buse de remplacement<\/a><\/p>\n","protected":false},"excerpt":{"rendered":"<ul>\n<li>Vanne \u00e9lectropneumatique de colle chaude avec sonde de temp\u00e9rature Ni120<\/li>\n<li>Vanne \u00e0 point\/stricte \u00e0 commutation air\/ressort<\/li>\n<li>Forme \u00e9troite de 25 mm<\/li>\n<li>Temps de commutation rapide<\/li>\n<li>Aiguille autonettoyante avec obturateur de buse<\/li>\n<li>Filtre \u00e0 colle int\u00e9gr\u00e9 pour r\u00e9duire le colmatage des buses<\/li>\n<li>Disponible en plusieurs diam\u00e8tres<\/li>\n<li>24V DC ou 230V AC sol\u00e9no\u00efde, connecteur de vanne inclus<\/li>\n<li>Compatible avec Nordson\u00ae.<\/li>\n<li>Num\u00e9ro de r\u00e9f\u00e9rence : HM900-LV<\/li>\n<\/ul>\n","protected":false},"featured_media":18053,"comment_status":"open","ping_status":"closed","template":"","meta":{"_acf_changed":false},"kompatibel-zu":[351],"leimtyp":[346],"product_brand":[],"product_cat":[378,379],"product_tag":[],"class_list":{"0":"post-26773","1":"product","2":"type-product","3":"status-publish","4":"has-post-thumbnail","6":"kompatibel-zu-pieces-de-rechange-compatibles-nordson","7":"leimtyp-colle-chaude","8":"product_cat-vannes-de-colle","9":"product_cat-vannes-a-colle-chaude","11":"first","12":"instock","13":"taxable","14":"shipping-taxable","15":"product-type-variable"},"acf":[],"_links":{"self":[{"href":"https:\/\/www.easyglue.de\/fr\/wp-json\/wp\/v2\/product\/26773","targetHints":{"allow":["GET"]}}],"collection":[{"href":"https:\/\/www.easyglue.de\/fr\/wp-json\/wp\/v2\/product"}],"about":[{"href":"https:\/\/www.easyglue.de\/fr\/wp-json\/wp\/v2\/types\/product"}],"replies":[{"embeddable":true,"href":"https:\/\/www.easyglue.de\/fr\/wp-json\/wp\/v2\/comments?post=26773"}],"version-history":[{"count":0,"href":"https:\/\/www.easyglue.de\/fr\/wp-json\/wp\/v2\/product\/26773\/revisions"}],"wp:featuredmedia":[{"embeddable":true,"href":"https:\/\/www.easyglue.de\/fr\/wp-json\/wp\/v2\/media\/18053"}],"wp:attachment":[{"href":"https:\/\/www.easyglue.de\/fr\/wp-json\/wp\/v2\/media?parent=26773"}],"wp:term":[{"taxonomy":"kompatibel-zu","embeddable":true,"href":"https:\/\/www.easyglue.de\/fr\/wp-json\/wp\/v2\/kompatibel-zu?post=26773"},{"taxonomy":"leimtyp","embeddable":true,"href":"https:\/\/www.easyglue.de\/fr\/wp-json\/wp\/v2\/leimtyp?post=26773"},{"taxonomy":"product_brand","embeddable":true,"href":"https:\/\/www.easyglue.de\/fr\/wp-json\/wp\/v2\/product_brand?post=26773"},{"taxonomy":"product_cat","embeddable":true,"href":"https:\/\/www.easyglue.de\/fr\/wp-json\/wp\/v2\/product_cat?post=26773"},{"taxonomy":"product_tag","embeddable":true,"href":"https:\/\/www.easyglue.de\/fr\/wp-json\/wp\/v2\/product_tag?post=26773"}],"curies":[{"name":"wp","href":"https:\/\/api.w.org\/{rel}","templated":true}]}}