{"id":26897,"date":"2024-11-09T19:19:02","date_gmt":"2024-11-09T19:19:02","guid":{"rendered":"https:\/\/www.easyglue.de\/valve-de-colle-chaude-micro-ni-f-24v\/"},"modified":"2024-11-09T19:19:02","modified_gmt":"2024-11-09T19:19:02","slug":"valve-de-colle-chaude-micro-ni-f-24v","status":"publish","type":"product","link":"https:\/\/www.easyglue.de\/fr\/valve-de-colle-chaude-micro-ni-f-24v\/","title":{"rendered":"Valve de colle chaude Micro Ni-F-24V"},"content":{"rendered":"<p>Vanne \u00e9lectropneumatique de colle chaude avec sonde de temp\u00e9rature Ni120<\/p>\n<p>Valve d&rsquo;application de buse \u00e0 commutation air\/air<\/p>\n<p>Buses \u00e0 commander s\u00e9par\u00e9ment<\/p>\n<p>Temps de commutation extr\u00eamement rapides<\/p>\n<p>Filtre \u00e0 colle int\u00e9gr\u00e9, r\u00e9duit le colmatage des buses<\/p>\n<p>Bobine magn\u00e9tique 24V DC, connecteur de vanne inclus<\/p>\n<p>Les buses suivantes sont compatibles :<\/p>\n<p><a href=\"https:\/\/shop.easyglue.de\/de\/kategorien\/dusen\/duse-sk-h200-h40.html\" rel=\"noopener\">Buse SK H200\/H40<\/a><\/p>\n<p><a href=\"https:\/\/shop.easyglue.de\/de\/kategorien\/dusen\/duse-100730-100731-122956-100732-101223-100729.html\" rel=\"noopener\">Buse de colle 0,25 - 1,0mm<\/a><\/p>\n<p><a href=\"https:\/\/shop.easyglue.de\/de\/kategorien\/dusen\/90-1-loch-1011012-1011014-1011016-1011018.html\" rel=\"noopener\">Buse coud\u00e9e 90\u00b0 1 trou<\/a><\/p>\n<p><a href=\"https:\/\/shop.easyglue.de\/de\/kategorien\/dusen\/winkelduse-90-2-loch-15.html\" rel=\"noopener\">Buse coud\u00e9e 90\u00b0 2 trous 15<\/a><\/p>\n<p><a href=\"https:\/\/shop.easyglue.de\/de\/kategorien\/dusen\/winkelduse-90-2-loch-30.html\" rel=\"noopener\">Buse coud\u00e9e 90\u00b0 2 trous 30<\/a><\/p>\n","protected":false},"excerpt":{"rendered":"<p>Vanne \u00e9lectropneumatique de colle chaude avec sonde de temp\u00e9rature Ni120 Valve d&rsquo;application de buse \u00e0 commutation air\/air Buses \u00e0 commander<\/p>\n","protected":false},"featured_media":0,"comment_status":"open","ping_status":"closed","template":"","meta":{"_acf_changed":false},"kompatibel-zu":[],"leimtyp":[346],"product_brand":[],"product_cat":[378,379],"product_tag":[],"class_list":{"0":"post-26897","1":"product","2":"type-product","3":"status-publish","5":"leimtyp-colle-chaude","6":"product_cat-vannes-de-colle","7":"product_cat-vannes-a-colle-chaude","9":"first","10":"instock","11":"taxable","12":"shipping-taxable","13":"product-type-simple"},"acf":[],"_links":{"self":[{"href":"https:\/\/www.easyglue.de\/fr\/wp-json\/wp\/v2\/product\/26897","targetHints":{"allow":["GET"]}}],"collection":[{"href":"https:\/\/www.easyglue.de\/fr\/wp-json\/wp\/v2\/product"}],"about":[{"href":"https:\/\/www.easyglue.de\/fr\/wp-json\/wp\/v2\/types\/product"}],"replies":[{"embeddable":true,"href":"https:\/\/www.easyglue.de\/fr\/wp-json\/wp\/v2\/comments?post=26897"}],"version-history":[{"count":0,"href":"https:\/\/www.easyglue.de\/fr\/wp-json\/wp\/v2\/product\/26897\/revisions"}],"wp:attachment":[{"href":"https:\/\/www.easyglue.de\/fr\/wp-json\/wp\/v2\/media?parent=26897"}],"wp:term":[{"taxonomy":"kompatibel-zu","embeddable":true,"href":"https:\/\/www.easyglue.de\/fr\/wp-json\/wp\/v2\/kompatibel-zu?post=26897"},{"taxonomy":"leimtyp","embeddable":true,"href":"https:\/\/www.easyglue.de\/fr\/wp-json\/wp\/v2\/leimtyp?post=26897"},{"taxonomy":"product_brand","embeddable":true,"href":"https:\/\/www.easyglue.de\/fr\/wp-json\/wp\/v2\/product_brand?post=26897"},{"taxonomy":"product_cat","embeddable":true,"href":"https:\/\/www.easyglue.de\/fr\/wp-json\/wp\/v2\/product_cat?post=26897"},{"taxonomy":"product_tag","embeddable":true,"href":"https:\/\/www.easyglue.de\/fr\/wp-json\/wp\/v2\/product_tag?post=26897"}],"curies":[{"name":"wp","href":"https:\/\/api.w.org\/{rel}","templated":true}]}}