{"id":26898,"date":"2024-11-09T19:19:02","date_gmt":"2024-11-09T19:19:02","guid":{"rendered":"https:\/\/www.easyglue.de\/vanne-de-collage-mkdd10x-kv-nr-24v-230v\/"},"modified":"2025-12-16T06:09:39","modified_gmt":"2025-12-16T06:09:39","slug":"vanne-de-collage-mkdd10x-kv-nr-24v-230v","status":"publish","type":"product","link":"https:\/\/www.easyglue.de\/fr\/vanne-de-collage-mkdd10x-kv-nr-24v-230v\/","title":{"rendered":"Valve \u00e0 colle froide MKDD-100 avec buse courte sans grille"},"content":{"rendered":"<p>La valve \u00e0 colle froide MKDD-100 avec \u00e9lectrovanne et buse courte sans r\u00e9glage de la grille est la solution optimale pour des applications de colle froide pr\u00e9cises et reproductibles. La commande \u00e9lectropneumatique garantit un dosage fiable et r\u00e9gulier de la colle, m\u00eame \u00e0 des fr\u00e9quences de commutation \u00e9lev\u00e9es. <\/p>\n<p>La valve de colle robuste est con\u00e7ue pour des pressions de colle allant jusqu&rsquo;\u00e0 35 bars et offre une flexibilit\u00e9 maximale pour les exigences les plus diverses en mati\u00e8re d&rsquo;application de colle industrielle gr\u00e2ce \u00e0 diff\u00e9rents diam\u00e8tres de buse de 0,3 mm \u00e0 0,8 mm. Il est disponible avec un sol\u00e9no\u00efde de 24V DC ou 230V AC.<\/p>\n<p>La valve de collage s&rsquo;int\u00e8gre facilement dans les syst\u00e8mes d&rsquo;application existants et est enti\u00e8rement compatible avec Baumer hhs\u00ae\/hhs\u00ae.<\/p>\n<p>Si le diam\u00e8tre de buse dont vous avez besoin n&rsquo;est pas mentionn\u00e9, n&rsquo;h\u00e9sitez pas \u00e0 nous le demander (shop@easyglue.de). Vous trouverez la buse de remplacement correspondante sous la r\u00e9f\u00e9rence EG102100104.<\/p>\n","protected":false},"excerpt":{"rendered":"<ul>\n<li>Vanne \u00e9lectropneumatique de colle froide<\/li>\n<li>24V DC ou 230V AC Bobines magn\u00e9tiques<\/li>\n<li>Pressions de colle jusqu&rsquo;\u00e0 35 bar<\/li>\n<li>Diam\u00e8tre de la buse : 0,3 mm - 0,8 mm<\/li>\n<li>Compatible avec Baumer hhs\u00ae\/hhs<\/li>\n<li>\n<div class=\"attributes-row\">\n<div class=\"attributes-label\">Num\u00e9ros de r\u00e9f\u00e9rence : 34110300 ; 34110400 ; 34110600 ; 34110800 ; 34130300 ; 34130400 ; 34130600 ; 34130800<\/div>\n<\/div>\n<\/li>\n<li>Autre r\u00e9f\u00e9rence : MKDD<\/li>\n<\/ul>\n","protected":false},"featured_media":26900,"comment_status":"open","ping_status":"closed","template":"","meta":{"_acf_changed":false},"kompatibel-zu":[345],"leimtyp":[347],"product_brand":[],"product_cat":[378,382],"product_tag":[],"class_list":{"0":"post-26898","1":"product","2":"type-product","3":"status-publish","4":"has-post-thumbnail","6":"kompatibel-zu-pieces-de-rechange-compatibles-baumer-hhs-hhs","7":"leimtyp-colle-froide","8":"product_cat-vannes-de-colle","9":"product_cat-vannes-a-colle-froide","11":"first","12":"instock","13":"taxable","14":"shipping-taxable","15":"product-type-variable"},"acf":[],"_links":{"self":[{"href":"https:\/\/www.easyglue.de\/fr\/wp-json\/wp\/v2\/product\/26898","targetHints":{"allow":["GET"]}}],"collection":[{"href":"https:\/\/www.easyglue.de\/fr\/wp-json\/wp\/v2\/product"}],"about":[{"href":"https:\/\/www.easyglue.de\/fr\/wp-json\/wp\/v2\/types\/product"}],"replies":[{"embeddable":true,"href":"https:\/\/www.easyglue.de\/fr\/wp-json\/wp\/v2\/comments?post=26898"}],"version-history":[{"count":0,"href":"https:\/\/www.easyglue.de\/fr\/wp-json\/wp\/v2\/product\/26898\/revisions"}],"wp:featuredmedia":[{"embeddable":true,"href":"https:\/\/www.easyglue.de\/fr\/wp-json\/wp\/v2\/media\/26900"}],"wp:attachment":[{"href":"https:\/\/www.easyglue.de\/fr\/wp-json\/wp\/v2\/media?parent=26898"}],"wp:term":[{"taxonomy":"kompatibel-zu","embeddable":true,"href":"https:\/\/www.easyglue.de\/fr\/wp-json\/wp\/v2\/kompatibel-zu?post=26898"},{"taxonomy":"leimtyp","embeddable":true,"href":"https:\/\/www.easyglue.de\/fr\/wp-json\/wp\/v2\/leimtyp?post=26898"},{"taxonomy":"product_brand","embeddable":true,"href":"https:\/\/www.easyglue.de\/fr\/wp-json\/wp\/v2\/product_brand?post=26898"},{"taxonomy":"product_cat","embeddable":true,"href":"https:\/\/www.easyglue.de\/fr\/wp-json\/wp\/v2\/product_cat?post=26898"},{"taxonomy":"product_tag","embeddable":true,"href":"https:\/\/www.easyglue.de\/fr\/wp-json\/wp\/v2\/product_tag?post=26898"}],"curies":[{"name":"wp","href":"https:\/\/api.w.org\/{rel}","templated":true}]}}