{"id":26914,"date":"2024-11-09T19:19:02","date_gmt":"2024-11-09T19:19:02","guid":{"rendered":"https:\/\/www.easyglue.de\/buse-a-colle-chaude-900-fl20-buse-de-surface-ntc\/"},"modified":"2025-12-17T10:17:08","modified_gmt":"2025-12-17T10:17:08","slug":"buse-a-colle-chaude-900-fl20-buse-de-surface-ntc","status":"publish","type":"product","link":"https:\/\/www.easyglue.de\/fr\/buse-a-colle-chaude-900-fl20-buse-de-surface-ntc\/","title":{"rendered":"Buse \u00e0 colle chaude 900-FL20 Buse de surface NTC"},"content":{"rendered":"<ul>\n<li>Le masque brut a pour r\u00e9f\u00e9rence : EG102100115<\/li>\n<li>Le masque fini avec des largeurs d&rsquo;application de 1 \u00e0 20 mm porte la r\u00e9f\u00e9rence : EG102100116<\/li>\n<\/ul>\n","protected":false},"excerpt":{"rendered":"<ul>\n<li>Vanne \u00e9lectropneumatique de colle chaude avec sonde de temp\u00e9rature NTC<\/li>\n<li>Valve d&rsquo;application de surface \u00e0 commutation air \/ ressort<\/li>\n<li>Largeur d&rsquo;application maximale : 20 mm<\/li>\n<li>Temps de commutation rapide<\/li>\n<li>Aiguille autonettoyante avec bouchon de buse<\/li>\n<li>Filtre \u00e0 colle int\u00e9gr\u00e9 pour r\u00e9duire le colmatage des buses<\/li>\n<li>24V DC Bobine magn\u00e9tique<\/li>\n<li>Compatible avec Robatech\u00ae.<\/li>\n<li>Num\u00e9ro de r\u00e9f\u00e9rence : 900<\/li>\n<\/ul>\n","protected":false},"featured_media":26915,"comment_status":"open","ping_status":"closed","template":"","meta":{"_acf_changed":false},"kompatibel-zu":[349],"leimtyp":[346],"product_brand":[],"product_cat":[378,379],"product_tag":[],"class_list":{"0":"post-26914","1":"product","2":"type-product","3":"status-publish","4":"has-post-thumbnail","6":"kompatibel-zu-pieces-de-rechange-compatibles-robatech","7":"leimtyp-colle-chaude","8":"product_cat-vannes-de-colle","9":"product_cat-vannes-a-colle-chaude","11":"first","12":"instock","13":"taxable","14":"shipping-taxable","15":"product-type-simple"},"acf":[],"_links":{"self":[{"href":"https:\/\/www.easyglue.de\/fr\/wp-json\/wp\/v2\/product\/26914","targetHints":{"allow":["GET"]}}],"collection":[{"href":"https:\/\/www.easyglue.de\/fr\/wp-json\/wp\/v2\/product"}],"about":[{"href":"https:\/\/www.easyglue.de\/fr\/wp-json\/wp\/v2\/types\/product"}],"replies":[{"embeddable":true,"href":"https:\/\/www.easyglue.de\/fr\/wp-json\/wp\/v2\/comments?post=26914"}],"version-history":[{"count":0,"href":"https:\/\/www.easyglue.de\/fr\/wp-json\/wp\/v2\/product\/26914\/revisions"}],"wp:featuredmedia":[{"embeddable":true,"href":"https:\/\/www.easyglue.de\/fr\/wp-json\/wp\/v2\/media\/26915"}],"wp:attachment":[{"href":"https:\/\/www.easyglue.de\/fr\/wp-json\/wp\/v2\/media?parent=26914"}],"wp:term":[{"taxonomy":"kompatibel-zu","embeddable":true,"href":"https:\/\/www.easyglue.de\/fr\/wp-json\/wp\/v2\/kompatibel-zu?post=26914"},{"taxonomy":"leimtyp","embeddable":true,"href":"https:\/\/www.easyglue.de\/fr\/wp-json\/wp\/v2\/leimtyp?post=26914"},{"taxonomy":"product_brand","embeddable":true,"href":"https:\/\/www.easyglue.de\/fr\/wp-json\/wp\/v2\/product_brand?post=26914"},{"taxonomy":"product_cat","embeddable":true,"href":"https:\/\/www.easyglue.de\/fr\/wp-json\/wp\/v2\/product_cat?post=26914"},{"taxonomy":"product_tag","embeddable":true,"href":"https:\/\/www.easyglue.de\/fr\/wp-json\/wp\/v2\/product_tag?post=26914"}],"curies":[{"name":"wp","href":"https:\/\/api.w.org\/{rel}","templated":true}]}}