{"id":26922,"date":"2024-11-09T19:19:14","date_gmt":"2024-11-09T19:19:14","guid":{"rendered":"https:\/\/www.easyglue.de\/bague-detancheite-du-fondoir-de-futs-200l\/"},"modified":"2024-11-09T19:19:14","modified_gmt":"2024-11-09T19:19:14","slug":"bague-detancheite-du-fondoir-de-futs-200l","status":"publish","type":"product","link":"https:\/\/www.easyglue.de\/fr\/bague-detancheite-du-fondoir-de-futs-200l\/","title":{"rendered":"Bague d&rsquo;\u00e9tanch\u00e9it\u00e9 du fondoir de f\u00fbts 200L"},"content":{"rendered":"","protected":false},"excerpt":{"rendered":"<ul>\n<li>Illustration \u00e0 titre d&rsquo;exemple<\/li>\n<li>Bague d&rsquo;\u00e9tanch\u00e9it\u00e9 pour plaque fusible FS200<\/li>\n<li>Diam\u00e8tre int\u00e9rieur : 510 mm<\/li>\n<li>\u00c9paisseur du cordon : 32 mm<\/li>\n<li>R\u00e9sistant \u00e0 la chaleur jusqu&rsquo;\u00e0 200\u00b0C<\/li>\n<li>\n<div class=\"attributes-row\">\n<div class=\"attributes-label\">Compatible avec Nordson\u00ae.<\/div>\n<\/div>\n<\/li>\n<li>\n<div class=\"attributes-row\">\n<div class=\"attributes-label\">Type de colle : colle chaude<\/div>\n<\/div>\n<\/li>\n<\/ul>\n","protected":false},"featured_media":19618,"comment_status":"open","ping_status":"closed","template":"","meta":{"_acf_changed":false},"kompatibel-zu":[351],"leimtyp":[346],"product_brand":[],"product_cat":[364],"product_tag":[],"class_list":{"0":"post-26922","1":"product","2":"type-product","3":"status-publish","4":"has-post-thumbnail","6":"kompatibel-zu-pieces-de-rechange-compatibles-nordson","7":"leimtyp-colle-chaude","8":"product_cat-joints-toriques-et-joints-detancheite","10":"first","11":"instock","12":"taxable","13":"shipping-taxable","14":"product-type-simple"},"acf":[],"_links":{"self":[{"href":"https:\/\/www.easyglue.de\/fr\/wp-json\/wp\/v2\/product\/26922","targetHints":{"allow":["GET"]}}],"collection":[{"href":"https:\/\/www.easyglue.de\/fr\/wp-json\/wp\/v2\/product"}],"about":[{"href":"https:\/\/www.easyglue.de\/fr\/wp-json\/wp\/v2\/types\/product"}],"replies":[{"embeddable":true,"href":"https:\/\/www.easyglue.de\/fr\/wp-json\/wp\/v2\/comments?post=26922"}],"version-history":[{"count":0,"href":"https:\/\/www.easyglue.de\/fr\/wp-json\/wp\/v2\/product\/26922\/revisions"}],"wp:featuredmedia":[{"embeddable":true,"href":"https:\/\/www.easyglue.de\/fr\/wp-json\/wp\/v2\/media\/19618"}],"wp:attachment":[{"href":"https:\/\/www.easyglue.de\/fr\/wp-json\/wp\/v2\/media?parent=26922"}],"wp:term":[{"taxonomy":"kompatibel-zu","embeddable":true,"href":"https:\/\/www.easyglue.de\/fr\/wp-json\/wp\/v2\/kompatibel-zu?post=26922"},{"taxonomy":"leimtyp","embeddable":true,"href":"https:\/\/www.easyglue.de\/fr\/wp-json\/wp\/v2\/leimtyp?post=26922"},{"taxonomy":"product_brand","embeddable":true,"href":"https:\/\/www.easyglue.de\/fr\/wp-json\/wp\/v2\/product_brand?post=26922"},{"taxonomy":"product_cat","embeddable":true,"href":"https:\/\/www.easyglue.de\/fr\/wp-json\/wp\/v2\/product_cat?post=26922"},{"taxonomy":"product_tag","embeddable":true,"href":"https:\/\/www.easyglue.de\/fr\/wp-json\/wp\/v2\/product_tag?post=26922"}],"curies":[{"name":"wp","href":"https:\/\/api.w.org\/{rel}","templated":true}]}}