{"id":27064,"date":"2024-11-09T19:19:05","date_gmt":"2024-11-09T19:19:05","guid":{"rendered":"https:\/\/www.easyglue.de\/obturateur-a-aiguille-mkdd\/"},"modified":"2024-11-09T19:19:05","modified_gmt":"2024-11-09T19:19:05","slug":"obturateur-a-aiguille-mkdd","status":"publish","type":"product","link":"https:\/\/www.easyglue.de\/fr\/obturateur-a-aiguille-mkdd\/","title":{"rendered":"Obturateur \u00e0 aiguille MKDD"},"content":{"rendered":"","protected":false},"excerpt":{"rendered":"<ul>\n<li>Obturateur \u00e0 aiguille standard pour la valve \u00e0 colle froide MKDD<\/li>\n<li>Bouchon d&rsquo;aiguille pour la valve d&rsquo;application de colle froide MKDD comme pi\u00e8ce de rechange<\/li>\n<li>Compatible avec Baumerhhs\u00ae\/hhs<\/li>\n<li>\n<div class=\"attributes-label\">Num\u00e9ro de r\u00e9f\u00e9rence : 83100100<\/div>\n<\/li>\n<li>Autres r\u00e9f\u00e9rences : MKDD ; NR<\/li>\n<\/ul>\n<div class=\"attributes-row\">\n<div><\/div>\n<\/div>\n","protected":false},"featured_media":17995,"comment_status":"open","ping_status":"closed","template":"","meta":{"_acf_changed":false},"kompatibel-zu":[345],"leimtyp":[347],"product_brand":[],"product_cat":[376],"product_tag":[],"class_list":{"0":"post-27064","1":"product","2":"type-product","3":"status-publish","4":"has-post-thumbnail","6":"kompatibel-zu-pieces-de-rechange-compatibles-baumer-hhs-hhs","7":"leimtyp-colle-froide","8":"product_cat-fermetures-pour-vannes-a-colle","10":"first","11":"instock","12":"taxable","13":"shipping-taxable","14":"product-type-simple"},"acf":[],"_links":{"self":[{"href":"https:\/\/www.easyglue.de\/fr\/wp-json\/wp\/v2\/product\/27064","targetHints":{"allow":["GET"]}}],"collection":[{"href":"https:\/\/www.easyglue.de\/fr\/wp-json\/wp\/v2\/product"}],"about":[{"href":"https:\/\/www.easyglue.de\/fr\/wp-json\/wp\/v2\/types\/product"}],"replies":[{"embeddable":true,"href":"https:\/\/www.easyglue.de\/fr\/wp-json\/wp\/v2\/comments?post=27064"}],"version-history":[{"count":0,"href":"https:\/\/www.easyglue.de\/fr\/wp-json\/wp\/v2\/product\/27064\/revisions"}],"wp:featuredmedia":[{"embeddable":true,"href":"https:\/\/www.easyglue.de\/fr\/wp-json\/wp\/v2\/media\/17995"}],"wp:attachment":[{"href":"https:\/\/www.easyglue.de\/fr\/wp-json\/wp\/v2\/media?parent=27064"}],"wp:term":[{"taxonomy":"kompatibel-zu","embeddable":true,"href":"https:\/\/www.easyglue.de\/fr\/wp-json\/wp\/v2\/kompatibel-zu?post=27064"},{"taxonomy":"leimtyp","embeddable":true,"href":"https:\/\/www.easyglue.de\/fr\/wp-json\/wp\/v2\/leimtyp?post=27064"},{"taxonomy":"product_brand","embeddable":true,"href":"https:\/\/www.easyglue.de\/fr\/wp-json\/wp\/v2\/product_brand?post=27064"},{"taxonomy":"product_cat","embeddable":true,"href":"https:\/\/www.easyglue.de\/fr\/wp-json\/wp\/v2\/product_cat?post=27064"},{"taxonomy":"product_tag","embeddable":true,"href":"https:\/\/www.easyglue.de\/fr\/wp-json\/wp\/v2\/product_tag?post=27064"}],"curies":[{"name":"wp","href":"https:\/\/api.w.org\/{rel}","templated":true}]}}