{"id":27548,"date":"2024-11-09T19:18:55","date_gmt":"2024-11-09T19:18:55","guid":{"rendered":"https:\/\/www.easyglue.de\/filtres-de-reservoir-compatibles-avec-robatech-concept\/"},"modified":"2026-01-11T15:40:08","modified_gmt":"2026-01-11T15:40:08","slug":"filtres-de-reservoir-compatibles-avec-robatech-concept","status":"publish","type":"product","link":"https:\/\/www.easyglue.de\/fr\/filtres-de-reservoir-compatibles-avec-robatech-concept\/","title":{"rendered":"Filtre de r\u00e9servoir compatible avec Robatech\u00ae Concept\u00ae - 100mm"},"content":{"rendered":"<p>Veuillez noter que les produits propos\u00e9s ne sont pas des produits originaux Robatech \u00ae. Il s&rsquo;agit plut\u00f4t de produits de haute qualit\u00e9, enti\u00e8rement compatibles avec les connexions, et fabriqu\u00e9s en Allemagne. <\/p>\n","protected":false},"excerpt":{"rendered":"<ul>\n<li>Filtre de r\u00e9servoir compatible Robatech\u00ae Concept en laiton fritt\u00e9<\/li>\n<li>\n<div class=\"attributes-row\">\n<div class=\"attributes-label\">Convient pour Robatech\u00ae.<\/div>\n<\/div>\n<\/li>\n<li>\n<div class=\"attributes-row\">\n<div class=\"attributes-label\">Num\u00e9ros de r\u00e9f\u00e9rence : 133272 ; 133270<\/div>\n<\/div>\n<\/li>\n<li>Type de colle : colle chaude<\/li>\n<li>Filtre avec joint torique<\/li>\n<\/ul>\n","protected":false},"featured_media":26259,"comment_status":"open","ping_status":"closed","template":"","meta":{"_acf_changed":false},"kompatibel-zu":[349],"leimtyp":[346],"product_brand":[],"product_cat":[362],"product_tag":[],"class_list":{"0":"post-27548","1":"product","2":"type-product","3":"status-publish","4":"has-post-thumbnail","6":"kompatibel-zu-pieces-de-rechange-compatibles-robatech","7":"leimtyp-colle-chaude","8":"product_cat-filtres-a-colle-chaude-et-filtres-a-colle-froide","10":"first","11":"instock","12":"taxable","13":"shipping-taxable","14":"product-type-simple"},"acf":[],"_links":{"self":[{"href":"https:\/\/www.easyglue.de\/fr\/wp-json\/wp\/v2\/product\/27548","targetHints":{"allow":["GET"]}}],"collection":[{"href":"https:\/\/www.easyglue.de\/fr\/wp-json\/wp\/v2\/product"}],"about":[{"href":"https:\/\/www.easyglue.de\/fr\/wp-json\/wp\/v2\/types\/product"}],"replies":[{"embeddable":true,"href":"https:\/\/www.easyglue.de\/fr\/wp-json\/wp\/v2\/comments?post=27548"}],"version-history":[{"count":0,"href":"https:\/\/www.easyglue.de\/fr\/wp-json\/wp\/v2\/product\/27548\/revisions"}],"wp:featuredmedia":[{"embeddable":true,"href":"https:\/\/www.easyglue.de\/fr\/wp-json\/wp\/v2\/media\/26259"}],"wp:attachment":[{"href":"https:\/\/www.easyglue.de\/fr\/wp-json\/wp\/v2\/media?parent=27548"}],"wp:term":[{"taxonomy":"kompatibel-zu","embeddable":true,"href":"https:\/\/www.easyglue.de\/fr\/wp-json\/wp\/v2\/kompatibel-zu?post=27548"},{"taxonomy":"leimtyp","embeddable":true,"href":"https:\/\/www.easyglue.de\/fr\/wp-json\/wp\/v2\/leimtyp?post=27548"},{"taxonomy":"product_brand","embeddable":true,"href":"https:\/\/www.easyglue.de\/fr\/wp-json\/wp\/v2\/product_brand?post=27548"},{"taxonomy":"product_cat","embeddable":true,"href":"https:\/\/www.easyglue.de\/fr\/wp-json\/wp\/v2\/product_cat?post=27548"},{"taxonomy":"product_tag","embeddable":true,"href":"https:\/\/www.easyglue.de\/fr\/wp-json\/wp\/v2\/product_tag?post=27548"}],"curies":[{"name":"wp","href":"https:\/\/api.w.org\/{rel}","templated":true}]}}