{"id":27552,"date":"2024-11-09T19:18:55","date_gmt":"2024-11-09T19:18:55","guid":{"rendered":"https:\/\/www.easyglue.de\/module-alternative-a-baumer-hhs-hm-700\/"},"modified":"2024-11-09T19:18:55","modified_gmt":"2024-11-09T19:18:55","slug":"module-alternative-a-baumer-hhs-hm-700","status":"publish","type":"product","link":"https:\/\/www.easyglue.de\/fr\/module-alternative-a-baumer-hhs-hm-700\/","title":{"rendered":"Module Alternative \u00e0 Baumer hhs\u00ae HM-700"},"content":{"rendered":"<p>Ce module, alternative au Baumer hhs\u00ae HM-700, est une pi\u00e8ce de rechange parfaitement adapt\u00e9e aux syst\u00e8mes d&rsquo;application de colle chaude dans les installations de production industrielles. Il convainc par son traitement pr\u00e9cis, sa r\u00e9sistance aux temp\u00e9ratures \u00e9lev\u00e9es et ses performances fiables, m\u00eame en fonctionnement continu. <\/p>\n<p>Cette pi\u00e8ce de rechange compatible convient pour une utilisation dans l&rsquo;industrie de l&#8217;emballage, du bois et de l&rsquo;ameublement et pour d&rsquo;autres applications o\u00f9 une application de colle pr\u00e9cise et reproductible est essentielle. Elle s&rsquo;int\u00e8gre facilement dans votre syst\u00e8me Baumer hhs existant et offre une solution rentable tout en maintenant la qualit\u00e9. <\/p>\n<p>La fabrication et l&rsquo;assurance qualit\u00e9 sont effectu\u00e9es sur notre site en Allemagne afin de garantir une longue dur\u00e9e de vie et une stabilit\u00e9 op\u00e9rationnelle optimale.<\/p>\n<p>La facilit\u00e9 de montage et de maintenance minimise les temps d&rsquo;arr\u00eat et augmente la s\u00e9curit\u00e9 du processus.<\/p>\n<p>La buse de colle correspondante est disponible chez nous dans les diam\u00e8tres 0,3 mm, 0,4 mm, 0,6 mm et 0,8 mm. Elle est d\u00e9j\u00e0 incluse dans la livraison.<\/p>\n","protected":false},"excerpt":{"rendered":"<ul>\n<li>Module compatible avec Baumer hhs\u00ae HM-700<\/li>\n<li>Module d&rsquo;encollage comprenant une buse et une aiguille de buse<\/li>\n<li>Ouverture \u00e0 l&rsquo;air et fermeture par ressort<\/li>\n<li>Diam\u00e8tre de la buse 0,3 - 0,8 mm<\/li>\n<li>Compatible avec la s\u00e9rie Baumerhhs\u00ae\/hhs\u00ae HM-700<\/li>\n<li>Num\u00e9ro de r\u00e9f\u00e9rence : HM-700<\/li>\n<li>Type de colle : colle chaude<\/li>\n<li>Buse de remplacement : Buse KV 0,3 - 0,8 mm<\/li>\n<\/ul>\n","protected":false},"featured_media":17505,"comment_status":"open","ping_status":"closed","template":"","meta":{"_acf_changed":false},"kompatibel-zu":[345],"leimtyp":[346],"product_brand":[],"product_cat":[368],"product_tag":[],"class_list":{"0":"post-27552","1":"product","2":"type-product","3":"status-publish","4":"has-post-thumbnail","6":"kompatibel-zu-pieces-de-rechange-compatibles-baumer-hhs-hhs","7":"leimtyp-colle-chaude","8":"product_cat-modules","10":"first","11":"instock","12":"taxable","13":"shipping-taxable","14":"product-type-variable"},"acf":[],"_links":{"self":[{"href":"https:\/\/www.easyglue.de\/fr\/wp-json\/wp\/v2\/product\/27552","targetHints":{"allow":["GET"]}}],"collection":[{"href":"https:\/\/www.easyglue.de\/fr\/wp-json\/wp\/v2\/product"}],"about":[{"href":"https:\/\/www.easyglue.de\/fr\/wp-json\/wp\/v2\/types\/product"}],"replies":[{"embeddable":true,"href":"https:\/\/www.easyglue.de\/fr\/wp-json\/wp\/v2\/comments?post=27552"}],"version-history":[{"count":0,"href":"https:\/\/www.easyglue.de\/fr\/wp-json\/wp\/v2\/product\/27552\/revisions"}],"wp:featuredmedia":[{"embeddable":true,"href":"https:\/\/www.easyglue.de\/fr\/wp-json\/wp\/v2\/media\/17505"}],"wp:attachment":[{"href":"https:\/\/www.easyglue.de\/fr\/wp-json\/wp\/v2\/media?parent=27552"}],"wp:term":[{"taxonomy":"kompatibel-zu","embeddable":true,"href":"https:\/\/www.easyglue.de\/fr\/wp-json\/wp\/v2\/kompatibel-zu?post=27552"},{"taxonomy":"leimtyp","embeddable":true,"href":"https:\/\/www.easyglue.de\/fr\/wp-json\/wp\/v2\/leimtyp?post=27552"},{"taxonomy":"product_brand","embeddable":true,"href":"https:\/\/www.easyglue.de\/fr\/wp-json\/wp\/v2\/product_brand?post=27552"},{"taxonomy":"product_cat","embeddable":true,"href":"https:\/\/www.easyglue.de\/fr\/wp-json\/wp\/v2\/product_cat?post=27552"},{"taxonomy":"product_tag","embeddable":true,"href":"https:\/\/www.easyglue.de\/fr\/wp-json\/wp\/v2\/product_tag?post=27552"}],"curies":[{"name":"wp","href":"https:\/\/api.w.org\/{rel}","templated":true}]}}