{"id":29274,"date":"2026-02-17T07:18:44","date_gmt":"2026-02-17T07:18:44","guid":{"rendered":"https:\/\/www.easyglue.de\/?post_type=product&#038;p=29274"},"modified":"2026-02-17T07:37:12","modified_gmt":"2026-02-17T07:37:12","slug":"anker-dlk-500","status":"publish","type":"product","link":"https:\/\/www.easyglue.de\/fr\/anker-dlk-500\/","title":{"rendered":"Ancre DLK-500"},"content":{"rendered":"","protected":false},"excerpt":{"rendered":"<ul>\n<li>Compatible avec la s\u00e9rie Baumer hhs\u00ae DLK-500<\/li>\n<li>Num\u00e9ro de r\u00e9f\u00e9rence : 27006304<\/li>\n<li>incl. Ressort<\/li>\n<\/ul>\n<div class=\"attributes-row\"><\/div>\n","protected":false},"featured_media":29281,"comment_status":"open","ping_status":"closed","template":"","meta":{"_acf_changed":false},"kompatibel-zu":[],"leimtyp":[],"product_brand":[],"product_cat":[372],"product_tag":[],"class_list":{"0":"post-29274","1":"product","2":"type-product","3":"status-publish","4":"has-post-thumbnail","6":"product_cat-ancre","8":"first","9":"instock","10":"taxable","11":"shipping-taxable","12":"product-type-simple"},"acf":[],"_links":{"self":[{"href":"https:\/\/www.easyglue.de\/fr\/wp-json\/wp\/v2\/product\/29274","targetHints":{"allow":["GET"]}}],"collection":[{"href":"https:\/\/www.easyglue.de\/fr\/wp-json\/wp\/v2\/product"}],"about":[{"href":"https:\/\/www.easyglue.de\/fr\/wp-json\/wp\/v2\/types\/product"}],"replies":[{"embeddable":true,"href":"https:\/\/www.easyglue.de\/fr\/wp-json\/wp\/v2\/comments?post=29274"}],"version-history":[{"count":0,"href":"https:\/\/www.easyglue.de\/fr\/wp-json\/wp\/v2\/product\/29274\/revisions"}],"wp:featuredmedia":[{"embeddable":true,"href":"https:\/\/www.easyglue.de\/fr\/wp-json\/wp\/v2\/media\/29281"}],"wp:attachment":[{"href":"https:\/\/www.easyglue.de\/fr\/wp-json\/wp\/v2\/media?parent=29274"}],"wp:term":[{"taxonomy":"kompatibel-zu","embeddable":true,"href":"https:\/\/www.easyglue.de\/fr\/wp-json\/wp\/v2\/kompatibel-zu?post=29274"},{"taxonomy":"leimtyp","embeddable":true,"href":"https:\/\/www.easyglue.de\/fr\/wp-json\/wp\/v2\/leimtyp?post=29274"},{"taxonomy":"product_brand","embeddable":true,"href":"https:\/\/www.easyglue.de\/fr\/wp-json\/wp\/v2\/product_brand?post=29274"},{"taxonomy":"product_cat","embeddable":true,"href":"https:\/\/www.easyglue.de\/fr\/wp-json\/wp\/v2\/product_cat?post=29274"},{"taxonomy":"product_tag","embeddable":true,"href":"https:\/\/www.easyglue.de\/fr\/wp-json\/wp\/v2\/product_tag?post=29274"}],"curies":[{"name":"wp","href":"https:\/\/api.w.org\/{rel}","templated":true}]}}